{"id":480,"date":"2024-03-22T19:26:14","date_gmt":"2024-03-22T19:26:14","guid":{"rendered":"https:\/\/events.collegesinstitutes.ca\/net-zero\/program\/networking-social-activities\/"},"modified":"2024-04-05T18:46:28","modified_gmt":"2024-04-05T18:46:28","slug":"carboneutralite-en-action","status":"publish","type":"page","link":"https:\/\/events.collegesinstitutes.ca\/net-zero\/fr\/programme\/carboneutralite-en-action\/","title":{"rendered":"Carboneutralit\u00e9 en action"},"content":{"rendered":"<p class=\"lead\">\u00cates-vous pr\u00eat \u00e0 constater directement le pouvoir des pratiques durables? Ne cherchez pas plus loin que nos <strong>activit\u00e9s carboneutralit\u00e9 en action<\/strong>, sp\u00e9cialement con\u00e7ues pour pr\u00e9senter des solutions innovantes et des \u00e9tapes tangibles vers un avenir plus vert.<\/p>\n<p><strong>Les places sont limit\u00e9es, nous vous encourageons donc \u00e0 vous inscrire \u00e0 l\u2019avance.<\/strong><\/p>\n<div class=\"facetwp-template\" data-name=\"social_activities\">\n\n\t<div id=\"sessions\">\n\t\t\n\t\t\n\t\t\t\t\t\t\t\t<\/tbody>\n\t\t\t<\/table>\n\t\t\t\t<h2 class=\"mt-5\">\n\t\t\t27 avril 2024\t\t<\/h2>\n\t\t<table class=\"table table-striped\">\n\t\t\t<thead>\n\t\t\t\t<tr>\n\t\t\t\t\t<th scope=\"col\" width=\"15%\" valign=\"middle\">Heure<\/th>\n\t\t\t\t\t<th scope=\"col\">S\u00e9ance<\/th>\n\t\t\t\t<\/tr>\n\t\t  <\/thead>\n\t\t  <tbody>\n\t\t\n\t\t<tr>\n\t\t\t<th scope=\"row\">13h00 - 14h30<\/th>\n\t\t\t<td>\n\t\t\t\t<h3><a href=\"https:\/\/events.collegesinstitutes.ca\/net-zero\/fr\/session\/salon-de-lenvironnement\/\">Foire \u00e9cologique et caf\u00e9 collaboratif<\/a><\/h3>\n\t\t\t\t<div>Nous invitons les membres de CICan \u00e0 pr\u00e9senter les super initiatives vertes qui se d\u00e9roulent sur leurs campus ou dans les environs. Apportez vos bo\u00eetes \u00e0 outils, vid\u00e9os ou autre mat\u00e9riel \u00e0 montrer aux participants et participantes du forum pendant...<\/div>\n\t\t\t<\/td>\n\t\t<\/tr>\n\t\t\n\t\t\n\t\t\n\t\t<tr>\n\t\t\t<th scope=\"row\">17h30 - 19h30<\/th>\n\t\t\t<td>\n\t\t\t\t<h3><a href=\"https:\/\/events.collegesinstitutes.ca\/net-zero\/fr\/session\/reception-douverture\/\">R\u00e9ception d&rsquo;ouverture<\/a><\/h3>\n\t\t\t\t<div>C\u2019est un rendez-vous \u00e0 la biblioth\u00e8que publique de Calgary pour une r\u00e9ception conviviale et propice au r\u00e9seautage. Vous aurez l\u2019occasion d\u2019y d\u00e9guster des aliments \u00e9cologiques pr\u00e9par\u00e9s par Hotel Arts et d\u2019y acheter de l\u2019artisanat local et des souvenirs fabriqu\u00e9s par...<\/div>\n\t\t\t<\/td>\n\t\t<\/tr>\n\t\t\n\t\t\n\t\t\t\t\t\t\t\t<\/tbody>\n\t\t\t<\/table>\n\t\t\t\t<h2 class=\"mt-5\">\n\t\t\t29 avril 2024\t\t<\/h2>\n\t\t<table class=\"table table-striped\">\n\t\t\t<thead>\n\t\t\t\t<tr>\n\t\t\t\t\t<th scope=\"col\" width=\"15%\" valign=\"middle\">Heure<\/th>\n\t\t\t\t\t<th scope=\"col\">S\u00e9ance<\/th>\n\t\t\t\t<\/tr>\n\t\t  <\/thead>\n\t\t  <tbody>\n\t\t\n\t\t<tr>\n\t\t\t<th scope=\"row\">08h00 - 12h15<\/th>\n\t\t\t<td>\n\t\t\t\t<h3><a href=\"https:\/\/events.collegesinstitutes.ca\/net-zero\/fr\/session\/morning-off-site-visit-tour\/\">Visite et visite hors site le matin (Southern Alberta Institute of Technology)<\/a><\/h3>\n\t\t\t\t<div>Les participants sont invit\u00e9s \u00e0 assister \u00e0 un maximum de deux des activit\u00e9s suivantes. Inscription 1. B\u00e2timent vert du Centre d\u2019acc\u00e8s \u00e0 la technologie Premier b\u00e2timent commercial carboneutre de Calgary Plus de 16\u202f800\u202fpi\u00b2 d\u2019infrastructures de recherche Toit vert avec parcelles...<\/div>\n\t\t\t<\/td>\n\t\t<\/tr>\n\t\t\n\t\t\n\t\t\n\t\t<tr>\n\t\t\t<th scope=\"row\">09h30 - 12h30<\/th>\n\t\t\t<td>\n\t\t\t\t<h3><a href=\"https:\/\/events.collegesinstitutes.ca\/net-zero\/fr\/session\/tours-of-calgary\/\">Visite de Calgary \u00e0 v\u00e9lo\u202f (gracieuset\u00e9 du Bow Valley College) &#8211; Complet<\/a><\/h3>\n\t\t\t\t<div>Le point de d\u00e9part sera au Telus Convention Centre. Calgary poss\u00e8de l\u2019un des r\u00e9seaux cyclables les plus \u00e9tendus d\u2019Am\u00e9rique du Nord. En compagnie de Brett Bergie, directeur des relations gouvernementales du Bow Valley College, cette visite \u00e0 v\u00e9lo vous fera...<\/div>\n\t\t\t<\/td>\n\t\t<\/tr>\n\t\t\n\t\t\n\t\t\n\t\t<tr>\n\t\t\t<th scope=\"row\">09h30 - 12h30<\/th>\n\t\t\t<td>\n\t\t\t\t<h3><a href=\"https:\/\/events.collegesinstitutes.ca\/net-zero\/fr\/session\/visite-du-centre-denergie-collectif-de-calgary\/\">Visite du Centre d\u2019\u00e9nergie collectif de Calgary (gracieuset\u00e9 du Bow Valley College)<\/a><\/h3>\n\t\t\t\t<div>Vous vous demandez bien ce qu\u2019est un centre d\u2019\u00e9nergie collectif? D\u00e9couvrez comment le Bow Valley College collabore avec le fournisseur d\u2019\u00e9nergie locale de Calgary pour d\u00e9carboniser le chauffage. Cette visite sera suivie d\u2019un d\u00eener au Bow Valley College. Le point...<\/div>\n\t\t\t<\/td>\n\t\t<\/tr>\n\t\t<\/tbody>\n\t<\/table>\n<\/div>\n<\/div>\n","protected":false},"excerpt":{"rendered":"<p>\u00cates-vous pr\u00eat \u00e0 constater directement le pouvoir des pratiques durables? Ne cherchez pas plus loin que nos activit\u00e9s carboneutralit\u00e9 en action, sp\u00e9cialement con\u00e7ues pour pr\u00e9senter des solutions innovantes et des \u00e9tapes tangibles vers un avenir plus vert. Les places sont limit\u00e9es, nous vous encourageons donc \u00e0 vous inscrire \u00e0 l\u2019avance.<\/p>\n","protected":false},"author":1,"featured_media":0,"parent":479,"menu_order":0,"comment_status":"closed","ping_status":"closed","template":"","meta":{"_acf_changed":false,"footnotes":""},"class_list":["post-480","page","type-page","status-publish","hentry"],"acf":[],"_links":{"self":[{"href":"https:\/\/events.collegesinstitutes.ca\/net-zero\/fr\/wp-json\/wp\/v2\/pages\/480","targetHints":{"allow":["GET"]}}],"collection":[{"href":"https:\/\/events.collegesinstitutes.ca\/net-zero\/fr\/wp-json\/wp\/v2\/pages"}],"about":[{"href":"https:\/\/events.collegesinstitutes.ca\/net-zero\/fr\/wp-json\/wp\/v2\/types\/page"}],"author":[{"embeddable":true,"href":"https:\/\/events.collegesinstitutes.ca\/net-zero\/fr\/wp-json\/wp\/v2\/users\/1"}],"replies":[{"embeddable":true,"href":"https:\/\/events.collegesinstitutes.ca\/net-zero\/fr\/wp-json\/wp\/v2\/comments?post=480"}],"version-history":[{"count":0,"href":"https:\/\/events.collegesinstitutes.ca\/net-zero\/fr\/wp-json\/wp\/v2\/pages\/480\/revisions"}],"up":[{"embeddable":true,"href":"https:\/\/events.collegesinstitutes.ca\/net-zero\/fr\/wp-json\/wp\/v2\/pages\/479"}],"wp:attachment":[{"href":"https:\/\/events.collegesinstitutes.ca\/net-zero\/fr\/wp-json\/wp\/v2\/media?parent=480"}],"curies":[{"name":"wp","href":"https:\/\/api.w.org\/{rel}","templated":true}]}}