{"id":475,"date":"2024-03-18T20:43:55","date_gmt":"2024-03-18T20:43:55","guid":{"rendered":"https:\/\/events.collegesinstitutes.ca\/net-zero\/a-propos\/duty-of-care\/"},"modified":"2024-03-26T18:22:30","modified_gmt":"2024-03-26T18:22:30","slug":"devoir-de-diligence","status":"publish","type":"page","link":"https:\/\/events.collegesinstitutes.ca\/net-zero\/fr\/a-propos\/devoir-de-diligence\/","title":{"rendered":"Le code de conduite et devoir de diligence"},"content":{"rendered":"<h2>Code de conduite et respect des principes d\u2019\u00e9quit\u00e9, de diversit\u00e9 et d\u2019inclusion\u202f<\/h2>\n<p>CICan s\u2019engage \u00e0 respecter les principes d\u2019\u00e9quit\u00e9, de diversit\u00e9 et d\u2019inclusion (\u00c9DI) dans toutes ses activit\u00e9s et \u00e0 garantir \u00e0 chacun une exp\u00e9rience s\u00e9curitaire exempte de harc\u00e8lement. Toute personne participant \u00e0 nos \u00e9v\u00e9nements est tenue de respecter ces principes et de s\u2019abstenir de tout commentaire d\u00e9sobligeant ou de tout comportement de harc\u00e8lement, que ce soit en ligne ou en pr\u00e9sentiel. Toute personne enfreignant ces r\u00e8gles risque de se voir expuls\u00e9e de l\u2019\u00e9v\u00e9nement sans remboursement, \u00e0 la seule discr\u00e9tion des organisateurs.\u202f\u202f \u202f\u202f <\/p>\n<h2>Devoir de diligence<\/h2>\n<p>Nous reconnaissons que la COVID-19 reste une source de pr\u00e9occupation. Nous nous engageons d\u00e8s lors \u00e0 cr\u00e9er un environnement s\u00e9curitaire et sain pour tous les \u00e9v\u00e9nements organis\u00e9s par CICan. Nous encourageons tous les participants \u00e0 se prot\u00e9ger s\u2019ils sont \u00e0 risque et \u00e0 prot\u00e9ger les autres lorsqu\u2019ils ne se sentent pas bien en suivant les mesures de pr\u00e9caution et les recommandations formul\u00e9es par les services de sant\u00e9 provinciaux comp\u00e9tents.\u202f\u202f <\/p>\n<p>Pour toute question, n\u2019h\u00e9sitez pas \u00e0 contacter <a href=\"mailto:events@cican.org\">l\u2019\u00e9quipe des \u00e9v\u00e9nements de CICan<\/a>.\u202f \u202f <\/p>\n","protected":false},"excerpt":{"rendered":"<p>Code de conduite et respect des principes d\u2019\u00e9quit\u00e9, de diversit\u00e9 et d\u2019inclusion\u202f CICan s\u2019engage \u00e0 respecter les principes d\u2019\u00e9quit\u00e9, de diversit\u00e9 et d\u2019inclusion (\u00c9DI) dans toutes ses activit\u00e9s et \u00e0 garantir \u00e0 chacun une exp\u00e9rience s\u00e9curitaire exempte de harc\u00e8lement. Toute personne participant \u00e0 nos \u00e9v\u00e9nements est tenue de respecter ces principes et de s\u2019abstenir de [&hellip;]<\/p>\n","protected":false},"author":1,"featured_media":0,"parent":473,"menu_order":0,"comment_status":"closed","ping_status":"closed","template":"","meta":{"_acf_changed":false,"footnotes":""},"class_list":["post-475","page","type-page","status-publish","hentry"],"acf":[],"_links":{"self":[{"href":"https:\/\/events.collegesinstitutes.ca\/net-zero\/fr\/wp-json\/wp\/v2\/pages\/475","targetHints":{"allow":["GET"]}}],"collection":[{"href":"https:\/\/events.collegesinstitutes.ca\/net-zero\/fr\/wp-json\/wp\/v2\/pages"}],"about":[{"href":"https:\/\/events.collegesinstitutes.ca\/net-zero\/fr\/wp-json\/wp\/v2\/types\/page"}],"author":[{"embeddable":true,"href":"https:\/\/events.collegesinstitutes.ca\/net-zero\/fr\/wp-json\/wp\/v2\/users\/1"}],"replies":[{"embeddable":true,"href":"https:\/\/events.collegesinstitutes.ca\/net-zero\/fr\/wp-json\/wp\/v2\/comments?post=475"}],"version-history":[{"count":0,"href":"https:\/\/events.collegesinstitutes.ca\/net-zero\/fr\/wp-json\/wp\/v2\/pages\/475\/revisions"}],"up":[{"embeddable":true,"href":"https:\/\/events.collegesinstitutes.ca\/net-zero\/fr\/wp-json\/wp\/v2\/pages\/473"}],"wp:attachment":[{"href":"https:\/\/events.collegesinstitutes.ca\/net-zero\/fr\/wp-json\/wp\/v2\/media?parent=475"}],"curies":[{"name":"wp","href":"https:\/\/api.w.org\/{rel}","templated":true}]}}