{"id":473,"date":"2024-02-29T17:10:52","date_gmt":"2024-02-29T17:10:52","guid":{"rendered":"https:\/\/events.collegesinstitutes.ca\/net-zero\/about\/"},"modified":"2024-03-27T00:13:25","modified_gmt":"2024-03-27T00:13:25","slug":"a-propos","status":"publish","type":"page","link":"https:\/\/events.collegesinstitutes.ca\/net-zero\/fr\/a-propos\/","title":{"rendered":"\u00c0 propos"},"content":{"rendered":"<p class=\"lead\">Joignez-vous \u00e0 des chefs de file canadiens et internationaux, \u00e0 des \u00e9ducatrices et \u00e9ducateurs, \u00e0 des praticiennes et praticiens, ainsi qu\u2019\u00e0 des responsables politiques pour discuter du r\u00f4le des coll\u00e8ges et instituts dans le respect des engagements en mati\u00e8re de changement climatique pris dans le cadre de l\u2019Accord de Paris sur le climat.<\/p>\n<p>Pendant deux jours, pr\u00e8s de 400 participants du Canada et du monde entier se r\u00e9uniront pour d\u00e9fier le statu quo, \u00e9tudier et envisager des solutions innovantes, et apprendre comment des partenariats nationaux et internationaux peuvent et vont collaborer pour lib\u00e9rer le potentiel \u00e9cologique de l\u2019enseignement et de la formation techniques et professionnels (EFTP).<\/p>\n<h2>Objectifs du forum<\/h2>\n<div class=\"row align-items-center\">\n<div class=\"col-12 col-md-9\">\n<ul>\n<li><strong>Susciter<\/strong> concr\u00e8tement l\u2019inspiration pour tout un chacun, ind\u00e9pendamment de la taille ou du budget de l\u2019\u00e9tablissement, par le biais de la communication et de la sensibilisation.<\/li>\n<li><strong>Instiller<\/strong> un changement de comportement \u00e0 la port\u00e9e de tous par le biais de projets collaboratifs et de la recherche.<\/li>\n<li><strong>Offrir<\/strong> aux d\u00e9l\u00e9gu\u00e9s les connaissances, les comp\u00e9tences et les ressources n\u00e9cessaires pour lutter contre les \u00e9missions de gaz \u00e0 effet de serre sur le campus et dans le cadre des programmes d\u2019\u00e9tudes.<\/li>\n<li><strong>Explorer<\/strong> les possibilit\u00e9s de renforcer la r\u00e9silience climatique en int\u00e9grant les connaissances autochtones sur la tutelle et la gestion de l\u2019environnement, aux niveaux national et international.<\/li>\n<li><strong>\u00c9changer<\/strong> les points de vue sur les conditions n\u00e9cessaires pour lib\u00e9rer le potentiel des coll\u00e8ges et des instituts afin de contribuer \u00e0 la lutte contre le changement climatique dans le monde, et sur la mani\u00e8re dont la cr\u00e9ativit\u00e9, la flexibilit\u00e9 et l\u2019innovation sont \u00e0 l\u2019origine de nos avanc\u00e9es.<\/li>\n<li><strong>Affirmer<\/strong> le r\u00f4le des coll\u00e8ges et instituts ruraux, \u00e9loign\u00e9s et nordiques dans les politiques climatiques nationales et leur r\u00f4le essentiel dans la formation de la main-d\u2019\u0153uvre n\u00e9cessaire pour atteindre la carboneutralit\u00e9.<\/li>\n<\/ul>\n<\/div>\n<div class=\"col-8 col-md-3\">\n<img loading=\"lazy\" decoding=\"async\" src=\"https:\/\/events.collegesinstitutes.ca\/net-zero-forum\/wp-content\/uploads\/sites\/7\/2024\/02\/netzero-main-graphic-onwhite.jpg\" alt=\"\" width=\"689\" height=\"689\" class=\"alignnone size-full wp-image-158\" srcset=\"https:\/\/events.collegesinstitutes.ca\/net-zero\/wp-content\/uploads\/sites\/7\/2024\/02\/netzero-main-graphic-onwhite.jpg 689w, https:\/\/events.collegesinstitutes.ca\/net-zero\/wp-content\/uploads\/sites\/7\/2024\/02\/netzero-main-graphic-onwhite-300x300.jpg 300w, https:\/\/events.collegesinstitutes.ca\/net-zero\/wp-content\/uploads\/sites\/7\/2024\/02\/netzero-main-graphic-onwhite-150x150.jpg 150w\" sizes=\"auto, (max-width: 689px) 100vw, 689px\" \/><\/p>\n<div>\n<\/div>\n","protected":false},"excerpt":{"rendered":"<p>Joignez-vous \u00e0 des chefs de file canadiens et internationaux, \u00e0 des \u00e9ducatrices et \u00e9ducateurs, \u00e0 des praticiennes et praticiens, ainsi qu\u2019\u00e0 des responsables politiques pour discuter du r\u00f4le des coll\u00e8ges et instituts dans le respect des engagements en mati\u00e8re de changement climatique pris dans le cadre de l\u2019Accord de Paris sur le climat. Pendant deux [&hellip;]<\/p>\n","protected":false},"author":1,"featured_media":0,"parent":0,"menu_order":0,"comment_status":"closed","ping_status":"closed","template":"","meta":{"_acf_changed":false,"footnotes":""},"class_list":["post-473","page","type-page","status-publish","hentry"],"acf":[],"_links":{"self":[{"href":"https:\/\/events.collegesinstitutes.ca\/net-zero\/fr\/wp-json\/wp\/v2\/pages\/473","targetHints":{"allow":["GET"]}}],"collection":[{"href":"https:\/\/events.collegesinstitutes.ca\/net-zero\/fr\/wp-json\/wp\/v2\/pages"}],"about":[{"href":"https:\/\/events.collegesinstitutes.ca\/net-zero\/fr\/wp-json\/wp\/v2\/types\/page"}],"author":[{"embeddable":true,"href":"https:\/\/events.collegesinstitutes.ca\/net-zero\/fr\/wp-json\/wp\/v2\/users\/1"}],"replies":[{"embeddable":true,"href":"https:\/\/events.collegesinstitutes.ca\/net-zero\/fr\/wp-json\/wp\/v2\/comments?post=473"}],"version-history":[{"count":0,"href":"https:\/\/events.collegesinstitutes.ca\/net-zero\/fr\/wp-json\/wp\/v2\/pages\/473\/revisions"}],"wp:attachment":[{"href":"https:\/\/events.collegesinstitutes.ca\/net-zero\/fr\/wp-json\/wp\/v2\/media?parent=473"}],"curies":[{"name":"wp","href":"https:\/\/api.w.org\/{rel}","templated":true}]}}