{"id":190,"date":"2024-01-10T16:17:33","date_gmt":"2024-01-10T16:17:33","guid":{"rendered":"https:\/\/events.collegesinstitutes.ca\/growingimpact\/?page_id=190"},"modified":"2024-01-16T14:59:11","modified_gmt":"2024-01-16T14:59:11","slug":"conferenciers","status":"publish","type":"page","link":"https:\/\/events.collegesinstitutes.ca\/growing-impact\/fr\/conferenciers\/","title":{"rendered":"Conf\u00e9renciers"},"content":{"rendered":"<p class=\"lead\">Partez pour un voyage intellectuel aux c\u00f4t\u00e9s d\u2019orateurs de renom. Ces experts et personnalit\u00e9s des politiques publiques sont \u00e0 la pointe de l\u2019innovation. Ils et elles ont \u00e0 c\u0153ur de transmettre leur point de vue, de diffuser des informations qui incitent \u00e0 la r\u00e9flexion et de donner des conseils pour fa\u00e7onner l\u2019avenir de la recherche appliqu\u00e9e. Ne manquez pas cette occasion unique de vous entretenir avec de tels leaders d\u2019opinion!<\/p>\n","protected":false},"excerpt":{"rendered":"<p>Partez pour un voyage intellectuel aux c\u00f4t\u00e9s d\u2019orateurs de renom. Ces experts et personnalit\u00e9s des politiques publiques sont \u00e0 la pointe de l\u2019innovation. Ils et elles ont \u00e0 c\u0153ur de transmettre leur point de vue, de diffuser des informations qui incitent \u00e0 la r\u00e9flexion et de donner des conseils pour fa\u00e7onner l\u2019avenir de la recherche [&hellip;]<\/p>\n","protected":false},"author":1,"featured_media":0,"parent":0,"menu_order":0,"comment_status":"closed","ping_status":"closed","template":"page-speakers.php","meta":{"_acf_changed":false,"footnotes":""},"class_list":["post-190","page","type-page","status-publish","hentry"],"acf":[],"_links":{"self":[{"href":"https:\/\/events.collegesinstitutes.ca\/growing-impact\/fr\/wp-json\/wp\/v2\/pages\/190","targetHints":{"allow":["GET"]}}],"collection":[{"href":"https:\/\/events.collegesinstitutes.ca\/growing-impact\/fr\/wp-json\/wp\/v2\/pages"}],"about":[{"href":"https:\/\/events.collegesinstitutes.ca\/growing-impact\/fr\/wp-json\/wp\/v2\/types\/page"}],"author":[{"embeddable":true,"href":"https:\/\/events.collegesinstitutes.ca\/growing-impact\/fr\/wp-json\/wp\/v2\/users\/1"}],"replies":[{"embeddable":true,"href":"https:\/\/events.collegesinstitutes.ca\/growing-impact\/fr\/wp-json\/wp\/v2\/comments?post=190"}],"version-history":[{"count":0,"href":"https:\/\/events.collegesinstitutes.ca\/growing-impact\/fr\/wp-json\/wp\/v2\/pages\/190\/revisions"}],"wp:attachment":[{"href":"https:\/\/events.collegesinstitutes.ca\/growing-impact\/fr\/wp-json\/wp\/v2\/media?parent=190"}],"curies":[{"name":"wp","href":"https:\/\/api.w.org\/{rel}","templated":true}]}}