{"id":189,"date":"2024-01-10T16:16:01","date_gmt":"2024-01-10T16:16:01","guid":{"rendered":"https:\/\/events.collegesinstitutes.ca\/growingimpact\/schedule\/"},"modified":"2024-02-09T18:34:38","modified_gmt":"2024-02-09T18:34:38","slug":"programme","status":"publish","type":"page","link":"https:\/\/events.collegesinstitutes.ca\/growing-impact\/fr\/programme\/","title":{"rendered":"Programme"},"content":{"rendered":"<p class=\"lead\">Le symposium propose un ordre du jour bien rempli gr\u00e2ce \u00e0 ses diff\u00e9rents volets th\u00e9matiques et \u00e0 une diversit\u00e9 d\u2019activit\u00e9s. Cette pr\u00e9sentation du congr\u00e8s \u00ab en bref \u00bb permet de voir comment chaque journ\u00e9e se d\u00e9roulera. Afin de favoriser le plus possible le dialogue et l\u2019interaction entre les participants, les s\u00e9ances sont susceptibles d\u2019\u00eatre organis\u00e9es sous la forme d\u2019un panel, d\u2019une discussion informelle dirig\u00e9e, ou encore d\u2019un d\u00e9fi\/d\u00e9bat.<\/p>\n<p>Toutes les activit\u00e9s se d\u00e9roulent \u00e0 l\u2019heure avanc\u00e9e de l\u2019Est (EST). Veuillez noter que les horaires sont susceptibles d\u2019\u00eatre modifi\u00e9s.<\/p>\n","protected":false},"excerpt":{"rendered":"<p>Le symposium propose un ordre du jour bien rempli gr\u00e2ce \u00e0 ses diff\u00e9rents volets th\u00e9matiques et \u00e0 une diversit\u00e9 d\u2019activit\u00e9s. Cette pr\u00e9sentation du congr\u00e8s \u00ab en bref \u00bb permet de voir comment chaque journ\u00e9e se d\u00e9roulera. Afin de favoriser le plus possible le dialogue et l\u2019interaction entre les participants, les s\u00e9ances sont susceptibles d\u2019\u00eatre organis\u00e9es [&hellip;]<\/p>\n","protected":false},"author":1,"featured_media":0,"parent":0,"menu_order":0,"comment_status":"closed","ping_status":"closed","template":"page-sessions.php","meta":{"_acf_changed":false,"footnotes":""},"class_list":["post-189","page","type-page","status-publish","hentry"],"acf":[],"_links":{"self":[{"href":"https:\/\/events.collegesinstitutes.ca\/growing-impact\/fr\/wp-json\/wp\/v2\/pages\/189","targetHints":{"allow":["GET"]}}],"collection":[{"href":"https:\/\/events.collegesinstitutes.ca\/growing-impact\/fr\/wp-json\/wp\/v2\/pages"}],"about":[{"href":"https:\/\/events.collegesinstitutes.ca\/growing-impact\/fr\/wp-json\/wp\/v2\/types\/page"}],"author":[{"embeddable":true,"href":"https:\/\/events.collegesinstitutes.ca\/growing-impact\/fr\/wp-json\/wp\/v2\/users\/1"}],"replies":[{"embeddable":true,"href":"https:\/\/events.collegesinstitutes.ca\/growing-impact\/fr\/wp-json\/wp\/v2\/comments?post=189"}],"version-history":[{"count":0,"href":"https:\/\/events.collegesinstitutes.ca\/growing-impact\/fr\/wp-json\/wp\/v2\/pages\/189\/revisions"}],"wp:attachment":[{"href":"https:\/\/events.collegesinstitutes.ca\/growing-impact\/fr\/wp-json\/wp\/v2\/media?parent=189"}],"curies":[{"name":"wp","href":"https:\/\/api.w.org\/{rel}","templated":true}]}}