{"id":188,"date":"2024-01-10T17:00:15","date_gmt":"2024-01-10T17:00:15","guid":{"rendered":"https:\/\/events.collegesinstitutes.ca\/growingimpact\/homepage\/"},"modified":"2024-01-15T23:29:05","modified_gmt":"2024-01-15T23:29:05","slug":"homepage","status":"publish","type":"page","link":"https:\/\/events.collegesinstitutes.ca\/growing-impact\/fr\/","title":{"rendered":"Homepage"},"content":{"rendered":"<p>Le Colloque sur la recherche appliqu\u00e9e 2024 de CICan est l&rsquo;un des principaux \u00e9v\u00e9nements de recherche appliqu\u00e9e de l&rsquo;ann\u00e9e dans le secteur des coll\u00e8ges et instituts. Il permettra \u00e0 la communaut\u00e9 de la recherche appliqu\u00e9e de c\u00e9l\u00e9brer et de r\u00e9fl\u00e9chir \u00e0 la croissance de notre syst\u00e8me et \u00e0 la fa\u00e7on dont les coll\u00e8ges et les instituts contribuent \u00e0 stimuler l&rsquo;innovation dans leurs communaut\u00e9s, leurs r\u00e9gions et dans l&rsquo;ensemble du Canada. <\/p>\n","protected":false},"excerpt":{"rendered":"<p>Le Colloque sur la recherche appliqu\u00e9e 2024 de CICan est l&rsquo;un des principaux \u00e9v\u00e9nements de recherche appliqu\u00e9e de l&rsquo;ann\u00e9e dans le secteur des coll\u00e8ges et instituts. Il permettra \u00e0 la communaut\u00e9 de la recherche appliqu\u00e9e de c\u00e9l\u00e9brer et de r\u00e9fl\u00e9chir \u00e0 la croissance de notre syst\u00e8me et \u00e0 la fa\u00e7on dont les coll\u00e8ges et les [&hellip;]<\/p>\n","protected":false},"author":1,"featured_media":42,"parent":0,"menu_order":0,"comment_status":"closed","ping_status":"closed","template":"page-homepage.php","meta":{"_acf_changed":false,"footnotes":""},"class_list":["post-188","page","type-page","status-publish","has-post-thumbnail","hentry"],"acf":[],"_links":{"self":[{"href":"https:\/\/events.collegesinstitutes.ca\/growing-impact\/fr\/wp-json\/wp\/v2\/pages\/188","targetHints":{"allow":["GET"]}}],"collection":[{"href":"https:\/\/events.collegesinstitutes.ca\/growing-impact\/fr\/wp-json\/wp\/v2\/pages"}],"about":[{"href":"https:\/\/events.collegesinstitutes.ca\/growing-impact\/fr\/wp-json\/wp\/v2\/types\/page"}],"author":[{"embeddable":true,"href":"https:\/\/events.collegesinstitutes.ca\/growing-impact\/fr\/wp-json\/wp\/v2\/users\/1"}],"replies":[{"embeddable":true,"href":"https:\/\/events.collegesinstitutes.ca\/growing-impact\/fr\/wp-json\/wp\/v2\/comments?post=188"}],"version-history":[{"count":0,"href":"https:\/\/events.collegesinstitutes.ca\/growing-impact\/fr\/wp-json\/wp\/v2\/pages\/188\/revisions"}],"wp:featuredmedia":[{"embeddable":true,"href":"https:\/\/events.collegesinstitutes.ca\/growing-impact\/fr\/wp-json\/wp\/v2\/media\/42"}],"wp:attachment":[{"href":"https:\/\/events.collegesinstitutes.ca\/growing-impact\/fr\/wp-json\/wp\/v2\/media?parent=188"}],"curies":[{"name":"wp","href":"https:\/\/api.w.org\/{rel}","templated":true}]}}