{"id":185,"date":"2024-01-10T16:15:50","date_gmt":"2024-01-10T16:15:50","guid":{"rendered":"https:\/\/events.collegesinstitutes.ca\/growingimpact\/?page_id=185"},"modified":"2024-01-16T14:54:27","modified_gmt":"2024-01-16T14:54:27","slug":"a-propos","status":"publish","type":"page","link":"https:\/\/events.collegesinstitutes.ca\/growing-impact\/fr\/a-propos\/","title":{"rendered":"\u00c0 propos"},"content":{"rendered":"<p><img loading=\"lazy\" decoding=\"async\" src=\"https:\/\/events.collegesinstitutes.ca\/growingimpact\/wp-content\/uploads\/sites\/2\/2024\/01\/CICan_AR_Symposium23_Graphic_small-300x226.png\" alt=\"Abstract image of circles and other shapes.\" width=\"300\" height=\"226\" class=\"d-none d-lg-block alignright size-medium wp-image-174\" srcset=\"https:\/\/events.collegesinstitutes.ca\/growing-impact\/wp-content\/uploads\/sites\/2\/2024\/01\/CICan_AR_Symposium23_Graphic_small-300x226.png 300w, https:\/\/events.collegesinstitutes.ca\/growing-impact\/wp-content\/uploads\/sites\/2\/2024\/01\/CICan_AR_Symposium23_Graphic_small.png 717w\" sizes=\"auto, (max-width: 300px) 100vw, 300px\" \/><\/p>\n<p class=\"lead\">Le Colloque sur la recherche appliqu\u00e9e\u202f2024 de CICan r\u00e9unira des membres de la communaut\u00e9 de la recherche appliqu\u00e9e de tout le pays pour partager les meilleures pratiques, faire du r\u00e9seautage et r\u00e9fl\u00e9chir sur le th\u00e8me de cette ann\u00e9e,\u202f<strong>Cultiver l\u2019impact<\/strong>.<\/p>\n<p>Les coll\u00e8ges et les instituts sont essentiels pour faire progresser le Canada vers l\u2019objectif net z\u00e9ro, accro\u00eetre la productivit\u00e9 du travail, et s\u2019attaquer aux obstacles \u00e0 la croissance durable auxquels sont confront\u00e9es les entreprises et les organisations \u00e0 but non lucratif du Canada. Les coll\u00e8ges et instituts contribuent \u00e0 stimuler l\u2019innovation dans leurs communaut\u00e9s, leurs r\u00e9gions et dans l\u2019ensemble du Canada.   <\/p>\n<p>Cet \u00e9v\u00e9nement, qui se tiendra \u00e0 Ottawa, permettra aux participants de tous les niveaux d\u2019\u00e9tablir des liens et d\u2019engager une conversation r\u00e9fl\u00e9chie sur l\u2019avenir du secteur, alors qu\u2019il continue de s\u2019\u00e9tendre et d\u2019accro\u00eetre son impact d\u2019un oc\u00e9an \u00e0 l\u2019autre. <\/p>\n<div class=\"boxit2 p-5 my-5 text-center\">\n<h2 class=\"m-0\">\u00c0 quoi s\u2019attendre<\/h2>\n<div class=\"divider my-4 mx-auto\"><\/div>\n<div class=\"row\">\n<div class=\"col-md-3\">\n<div><img loading=\"lazy\" decoding=\"async\" src=\"https:\/\/events.collegesinstitutes.ca\/appliedresearch\/wp-content\/uploads\/sites\/2\/2024\/01\/ar2024-icon-about-1.png\" alt=\"\" width=\"200\" height=\"200\" class=\"alignnone size-full wp-image-93 icon mb-4\" srcset=\"https:\/\/events.collegesinstitutes.ca\/growing-impact\/wp-content\/uploads\/sites\/2\/2024\/01\/ar2024-icon-about-1.png 200w, https:\/\/events.collegesinstitutes.ca\/growing-impact\/wp-content\/uploads\/sites\/2\/2024\/01\/ar2024-icon-about-1-150x150.png 150w\" sizes=\"auto, (max-width: 200px) 100vw, 200px\" \/><\/div>\n<div class=\"mb-5 mb-lg-0\">Plus de 20 s\u00e9ances engageantes avec des leaders de partout au Canada<\/div>\n<\/div>\n<div class=\"col-md-3\">\n<div><img loading=\"lazy\" decoding=\"async\" src=\"https:\/\/events.collegesinstitutes.ca\/appliedresearch\/wp-content\/uploads\/sites\/2\/2024\/01\/ar2024-icon-about-2.png\" alt=\"\" width=\"200\" height=\"200\" class=\"alignnone size-full wp-image-95 icon mb-4\" srcset=\"https:\/\/events.collegesinstitutes.ca\/growing-impact\/wp-content\/uploads\/sites\/2\/2024\/01\/ar2024-icon-about-2.png 200w, https:\/\/events.collegesinstitutes.ca\/growing-impact\/wp-content\/uploads\/sites\/2\/2024\/01\/ar2024-icon-about-2-150x150.png 150w\" sizes=\"auto, (max-width: 200px) 100vw, 200px\" \/><\/div>\n<div class=\"mb-5 mb-lg-0\">Occasions de r\u00e9seautage con\u00e7ues pour rassembler le milieu de la recherche appliqu\u00e9e<\/div>\n<\/div>\n<div class=\"col-md-3\">\n<div><img loading=\"lazy\" decoding=\"async\" src=\"https:\/\/events.collegesinstitutes.ca\/appliedresearch\/wp-content\/uploads\/sites\/2\/2024\/01\/ar2024-icon-about-3.png\" alt=\"\" width=\"200\" height=\"200\" class=\"alignnone size-full wp-image-97 icon mb-4\" srcset=\"https:\/\/events.collegesinstitutes.ca\/growing-impact\/wp-content\/uploads\/sites\/2\/2024\/01\/ar2024-icon-about-3.png 200w, https:\/\/events.collegesinstitutes.ca\/growing-impact\/wp-content\/uploads\/sites\/2\/2024\/01\/ar2024-icon-about-3-150x150.png 150w\" sizes=\"auto, (max-width: 200px) 100vw, 200px\" \/><\/div>\n<div class=\"mb-5 mb-lg-0\">Conversation prospective sur l\u2019avenir de l\u2019\u00e9cosyst\u00e8me de la recherche appliqu\u00e9e \u00e0 partir de l\u00e0<\/div>\n<\/div>\n<div class=\"col-md-3\">\n<div><img loading=\"lazy\" decoding=\"async\" src=\"https:\/\/events.collegesinstitutes.ca\/appliedresearch\/wp-content\/uploads\/sites\/2\/2024\/01\/ar2024-icon-about-4.png\" alt=\"\" width=\"200\" height=\"200\" class=\"alignnone size-full wp-image-99 icon mb-4\" srcset=\"https:\/\/events.collegesinstitutes.ca\/growing-impact\/wp-content\/uploads\/sites\/2\/2024\/01\/ar2024-icon-about-4.png 200w, https:\/\/events.collegesinstitutes.ca\/growing-impact\/wp-content\/uploads\/sites\/2\/2024\/01\/ar2024-icon-about-4-150x150.png 150w\" sizes=\"auto, (max-width: 200px) 100vw, 200px\" \/><\/div>\n<div class=\"mb-5 mb-lg-0\">De nombreux discours et tables rondes, notamment sur l\u2019importance de la recherche appliqu\u00e9e dans la lutte contre les changements climatiques<\/div>\n<\/div>\n<\/div>\n<\/div>\n<\/div>\n<h2 class=\"pt-5\">Volets th\u00e9matiques du symposium <\/h2>\n<p class=\"lead\">Durant plus de deux jours, des d\u00e9l\u00e9gu\u00e9s de tout le Canada se pencheront sur la recherche appliqu\u00e9e dans le cadre des volets suivants.<\/p>\n","protected":false},"excerpt":{"rendered":"<p>Le Colloque sur la recherche appliqu\u00e9e\u202f2024 de CICan r\u00e9unira des membres de la communaut\u00e9 de la recherche appliqu\u00e9e de tout le pays pour partager les meilleures pratiques, faire du r\u00e9seautage et r\u00e9fl\u00e9chir sur le th\u00e8me de cette ann\u00e9e,\u202fCultiver l\u2019impact. Les coll\u00e8ges et les instituts sont essentiels pour faire progresser le Canada vers l\u2019objectif net z\u00e9ro, [&hellip;]<\/p>\n","protected":false},"author":1,"featured_media":0,"parent":0,"menu_order":0,"comment_status":"closed","ping_status":"closed","template":"page-about.php","meta":{"_acf_changed":false,"footnotes":""},"class_list":["post-185","page","type-page","status-publish","hentry"],"acf":[],"_links":{"self":[{"href":"https:\/\/events.collegesinstitutes.ca\/growing-impact\/fr\/wp-json\/wp\/v2\/pages\/185","targetHints":{"allow":["GET"]}}],"collection":[{"href":"https:\/\/events.collegesinstitutes.ca\/growing-impact\/fr\/wp-json\/wp\/v2\/pages"}],"about":[{"href":"https:\/\/events.collegesinstitutes.ca\/growing-impact\/fr\/wp-json\/wp\/v2\/types\/page"}],"author":[{"embeddable":true,"href":"https:\/\/events.collegesinstitutes.ca\/growing-impact\/fr\/wp-json\/wp\/v2\/users\/1"}],"replies":[{"embeddable":true,"href":"https:\/\/events.collegesinstitutes.ca\/growing-impact\/fr\/wp-json\/wp\/v2\/comments?post=185"}],"version-history":[{"count":0,"href":"https:\/\/events.collegesinstitutes.ca\/growing-impact\/fr\/wp-json\/wp\/v2\/pages\/185\/revisions"}],"wp:attachment":[{"href":"https:\/\/events.collegesinstitutes.ca\/growing-impact\/fr\/wp-json\/wp\/v2\/media?parent=185"}],"curies":[{"name":"wp","href":"https:\/\/api.w.org\/{rel}","templated":true}]}}