{"id":406,"date":"2024-12-16T18:21:53","date_gmt":"2024-12-16T18:21:53","guid":{"rendered":"https:\/\/events.collegesinstitutes.ca\/forum\/register\/"},"modified":"2025-01-21T16:13:09","modified_gmt":"2025-01-21T16:13:09","slug":"inscription","status":"publish","type":"page","link":"https:\/\/events.collegesinstitutes.ca\/forum\/fr\/inscription\/","title":{"rendered":"Inscription exclusive au Sommet des leaders de CICan"},"content":{"rendered":"<p><em><strong>Il s\u2019agit d\u2019un \u00e9v\u00e9nement exclusif, sur invitation uniquement.<\/strong><\/em> <\/p>\n<p class=\"lead\">Nous sommes ravis de vous inviter au Sommet des leaders de CICan, \u00e9v\u00e9nement phare \u00e0 l\u2019intention de nos pr\u00e9sidences\/directions g\u00e9n\u00e9rales et d\u2019au plus trois membres de votre \u00e9quipe de haute direction. Si la demande est pour plus de trois (3) membres, veuillez communiquer avec Julie Trohon, <a href=\"mailto:jtrohon@cican.org\">jtrohon@cican.org<\/a>. Veuillez suivre les instructions qui vous ont \u00e9t\u00e9 envoy\u00e9es par courriel pour vous inscrire.<\/p>\n<h2>D\u00e9tails de l\u2019\u00e9v\u00e9nement<\/h2>\n<p><strong>Date :<\/strong> Du 22 au 24 avril 2025<br \/>\n<strong>Lieu :<\/strong> Westin, Ottawa <\/p>\n<h2>Comment s\u2019inscrire <\/h2>\n<p>Pour confirmer votre participation, veuillez suivre les instructions ci-dessous : <\/p>\n<ol>\n<li><strong>Surveillez votre bo\u00eete de r\u00e9ception :<\/strong> Vous trouverez votre lien d\u2019inscription dans l\u2019\u00e9dition de d\u00e9cembre du courriel mensuel de la PDG de CICan.<\/li>\n<li><strong>Cliquez sur le lien :<\/strong> Le lien fourni dans le courriel vous m\u00e8nera au formulaire d\u2019inscription.<\/li>\n<li><strong>Remplissez le formulaire :<\/strong> Suivez les instructions pour finaliser votre inscription. N\u2019oubliez pas d\u2019inscrire les membres de votre \u00e9quipe qui vous accompagneront.<\/li>\n<li><strong>En attente d\u2019approbation :<\/strong> Apr\u00e8s avoir soumis votre formulaire, vous recevrez un courriel accusant r\u00e9ception de votre inscription et indiquant qu\u2019elle est en attente d\u2019approbation.<\/li>\n<li><strong>Confirmation finale :<\/strong> Une fois votre inscription approuv\u00e9e par l\u2019\u00e9quipe de CICan, vous recevrez un courriel de confirmation.<\/li>\n<\/ol>\n<h2>Important<\/h2>\n<p>Cet \u00e9v\u00e9nement est r\u00e9serv\u00e9 aux \u00e9quipes de direction des membres de CICan. Si vous n\u2019avez pas re\u00e7u d\u2019invitation par courriel, mais pensez que vous devriez y participer, \u00e9crivez \u00e0 <a href=\"mailto:events@cican.org\">events@cican.org<\/a> pour obtenir de l\u2019aide.<\/p>\n<h2>Besoin d\u2019aide?<\/h2>\n<p>Pour toute question ou probl\u00e8me d\u2019inscription, veuillez contacter <strong>Julie Trohon<\/strong> \u00e0 <a href=\"mailto:jtrohon@cican.org\">jtrohon@cican.org<\/a>.<\/p>\n<div class=\"border-top mt-5 pt-5\">\n<p class=\"lead\"><strong>Au plaisir de vous voir au Sommet des leaders de CICan! <\/strong><\/p>\n<\/div>\n","protected":false},"excerpt":{"rendered":"<p>Il s\u2019agit d\u2019un \u00e9v\u00e9nement exclusif, sur invitation uniquement. Nous sommes ravis de vous inviter au Sommet des leaders de CICan, \u00e9v\u00e9nement phare \u00e0 l\u2019intention de nos pr\u00e9sidences\/directions g\u00e9n\u00e9rales et d\u2019au plus trois membres de votre \u00e9quipe de haute direction. Si la demande est pour plus de trois (3) membres, veuillez communiquer avec Julie Trohon, jtrohon@cican.org. [&hellip;]<\/p>\n","protected":false},"author":1,"featured_media":421,"parent":0,"menu_order":0,"comment_status":"closed","ping_status":"closed","template":"","meta":{"_acf_changed":false,"footnotes":""},"class_list":["post-406","page","type-page","status-publish","has-post-thumbnail","hentry"],"acf":[],"_links":{"self":[{"href":"https:\/\/events.collegesinstitutes.ca\/forum\/fr\/wp-json\/wp\/v2\/pages\/406","targetHints":{"allow":["GET"]}}],"collection":[{"href":"https:\/\/events.collegesinstitutes.ca\/forum\/fr\/wp-json\/wp\/v2\/pages"}],"about":[{"href":"https:\/\/events.collegesinstitutes.ca\/forum\/fr\/wp-json\/wp\/v2\/types\/page"}],"author":[{"embeddable":true,"href":"https:\/\/events.collegesinstitutes.ca\/forum\/fr\/wp-json\/wp\/v2\/users\/1"}],"replies":[{"embeddable":true,"href":"https:\/\/events.collegesinstitutes.ca\/forum\/fr\/wp-json\/wp\/v2\/comments?post=406"}],"version-history":[{"count":0,"href":"https:\/\/events.collegesinstitutes.ca\/forum\/fr\/wp-json\/wp\/v2\/pages\/406\/revisions"}],"wp:featuredmedia":[{"embeddable":true,"href":"https:\/\/events.collegesinstitutes.ca\/forum\/fr\/wp-json\/wp\/v2\/media\/421"}],"wp:attachment":[{"href":"https:\/\/events.collegesinstitutes.ca\/forum\/fr\/wp-json\/wp\/v2\/media?parent=406"}],"curies":[{"name":"wp","href":"https:\/\/api.w.org\/{rel}","templated":true}]}}