{"id":788,"date":"2024-02-21T21:39:22","date_gmt":"2024-02-21T21:39:22","guid":{"rendered":"https:\/\/events.collegesinstitutes.ca\/conference\/programme\/conference-at-a-glance\/"},"modified":"2024-03-27T01:32:03","modified_gmt":"2024-03-27T01:32:03","slug":"congres-en-bref","status":"publish","type":"page","link":"https:\/\/events.collegesinstitutes.ca\/conference\/fr\/programme\/congres-en-bref\/","title":{"rendered":"Congr\u00e8s en bref"},"content":{"rendered":"<div class=\"row align-items-center\">\n<div class=\"col-12 col-md-9 order-2 order-md-1\">\n<p class=\"lead\">Le congr\u00e8s propose un ordre du jour bien rempli gr\u00e2ce \u00e0 ses diff\u00e9rents volets th\u00e9matiques et \u00e0 une diversit\u00e9 d\u2019activit\u00e9s. Cette pr\u00e9sentation du congr\u00e8s \u00ab en bref \u00bb permet de voir comment chaque journ\u00e9e se d\u00e9roulera.  <\/p>\n<p><em>Toutes les activit\u00e9s se d\u00e9roulent en heure normale des rocheuses (MST).<\/em><\/p>\n<p><a href=\"https:\/\/cvent.me\/Q1KKrZ?locale=fr\" target=\"_blank\" rel=\"noopener\" class=\"btn btn-primary my-3\">Inscription<\/a><\/div>\n<div class=\"col-7 col-md-3 order-1 order-md-2\">\n<img loading=\"lazy\" decoding=\"async\" src=\"https:\/\/events.collegesinstitutes.ca\/conference\/wp-content\/uploads\/sites\/5\/2024\/03\/conf24-graphic-conference.png\" alt=\"\" width=\"600\" height=\"524\" class=\"alignnone size-full wp-image-548\" srcset=\"https:\/\/events.collegesinstitutes.ca\/conference\/wp-content\/uploads\/sites\/5\/2024\/03\/conf24-graphic-conference.png 600w, https:\/\/events.collegesinstitutes.ca\/conference\/wp-content\/uploads\/sites\/5\/2024\/03\/conf24-graphic-conference-300x262.png 300w\" sizes=\"auto, (max-width: 600px) 100vw, 600px\" \/>\n<\/div>\n<\/div>\n<h2 class=\"mt-5\">Samedi 27 avril 2024<\/h2>\n<div class=\"table-responsive mt-5\">\n<table class=\"table table-striped\">\n<thead>\n<tr>\n<th scope=\"col\" width=\"20%\">Heures<\/th>\n<th scope=\"col\" width=\"80%\">Activit\u00e9s<\/th>\n<\/tr>\n<\/thead>\n<tbody>\n<tr>\n<th scope=\"row\">11 h 00 \u2013 16 h 00<\/th>\n<td>CICan\u202f: Professionnels de la gouvernance et des bureaux des directeurs g\u00e9n\u00e9raux (PGBDG) (huis clos)<\/td>\n<\/tr>\n<tr>\n<th scope=\"row\">13 h 00 \u2013 16 h 30<\/th>\n<td>Forum Z\u00e9ro \u00e9mission net\u202f: Le r\u00f4le de l\u2019\u00e9ducation pour assurer une transition \u00e9cologique de CICan<\/td>\n<\/tr>\n<\/tbody>\n<\/table>\n<\/div>\n<h2 class=\"mt-5\">Dimanche 28 avril 2024<\/h2>\n<div class=\"table-responsive mt-5\">\n<table class=\"table table-striped\">\n<thead>\n<th scope=\"col\" width=\"20%\">Heures<\/th>\n<th scope=\"col\" width=\"80%\">Activit\u00e9s<\/th>\n<\/tr>\n<\/thead>\n<tbody>\n<tr>\n<th scope=\"row\">07 h 30 \u2013 16 h 00<\/th>\n<td>Forum Z\u00e9ro \u00e9mission net\u202f: Le r\u00f4le de l\u2019\u00e9ducation pour assurer une transition \u00e9cologique de CICan<\/td>\n<\/tr>\n<tr>\n<th scope=\"row\">08 h 30 \u2013 15 h 00<\/th>\n<td>Leadership en gouvernance\u202f (anciennement\u202f: le R\u00e9seau des administrateurs)<\/td>\n<\/tr>\n<tr>\n<th scope=\"row\">08 h 30 \u2013 15 h 00<\/th>\n<td>CICan\u202f: Professionnels de la gouvernance et des bureaux des directeurs g\u00e9n\u00e9raux (PGBDG) (huis clos)<\/td>\n<\/tr>\n<tr>\n<th scope=\"row\">12 h 00 \u2013 19 h 00<\/th>\n<td>Inscription<\/td>\n<\/tr>\n<\/tbody>\n<\/table>\n<\/div>\n<h2 class=\"mt-5\">Lundi 29 avril 2024<\/h2>\n<div class=\"table-responsive mt-5\">\n<table class=\"table table-striped\">\n<thead>\n<tr>\n<th scope=\"col\" width=\"20%\">Heures<\/th>\n<th scope=\"col\" width=\"80%\">Activit\u00e9s<\/th>\n<\/tr>\n<\/thead>\n<tbody>\n<tr>\n<th scope=\"row\">07 h 00 \u2013 17 h 00<\/th>\n<td>Inscription <\/td>\n<\/tr>\n<tr>\n<th scope=\"row\">10 h 00 \u2013 12 h 45<\/th>\n<td>R\u00e9seau des direteurs g\u00e9n\u00e9raux<\/td>\n<\/tr>\n<tr>\n<th scope=\"row\">13 h 00 \u2013 14 h 30<\/th>\n<td>Ouverture officielle et conf\u00e9rence principale<\/td>\n<\/tr>\n<tr>\n<th scope=\"row\">14 h 30 \u2013 15 h 00<\/th>\n<td>D\u00e9placement et Rafra\u00eechissements \u00e0 Foire-Expo \u00e0 confirmer<\/td>\n<\/tr>\n<tr>\n<th scope=\"row\">15 h 00 \u2013 15 h 15<\/th>\n<td>D\u00e9placement<\/td>\n<\/tr>\n<tr>\n<th scope=\"row\">15 h 00 \u2013 17 h 00<\/th>\n<td>Forums de r\u00e9flexion<\/td>\n<\/tr>\n<tr>\n<th scope=\"row\">18 h 00 \u2013 20 h 00<\/th>\n<td>R\u00e9ception d\u2019ouverture<\/td>\n<\/tr>\n<\/tbody>\n<\/table>\n<\/div>\n<h2 class=\"mt-5\">Mardi 30 avril 2024<\/h2>\n<div class=\"table-responsive mt-5\">\n<table class=\"table table-striped\">\n<thead>\n<tr>\n<th scope=\"col\" width=\"20%\">Heures<\/th>\n<th scope=\"col\" width=\"80%\">Activit\u00e9s<\/th>\n<\/tr>\n<\/thead>\n<tbody>\n<tr>\n<th scope=\"row\">07 h 00 \u2013 17 h 00<\/th>\n<td>Inscription<\/td>\n<\/tr>\n<tr>\n<th scope=\"row\">07 h 00 \u2013 08 h 00<\/th>\n<td>Petit-d\u00e9jeuner \u00e0 Foire-Expo<\/td>\n<\/tr>\n<tr>\n<th scope=\"row\">08 h 30 \u2013 09 h 30<\/th>\n<td>Conf\u00e9rence principale<\/td>\n<\/tr>\n<tr>\n<th scope=\"row\">09 h 30 \u2013 10 h 00<\/th>\n<td>Rafra\u00eechissements \u00e0 Foire-Expo<\/td>\n<\/tr>\n<tr>\n<th scope=\"row\">10 h 00 \u2013 10 h 15<\/th>\n<td>D\u00e9placement<\/td>\n<\/tr>\n<tr>\n<th scope=\"row\">10 h 15 \u2013 11 h 15<\/th>\n<td>S\u00e9ances \u00e0 volets<\/td>\n<\/tr>\n<tr>\n<th scope=\"row\">11 h 15 \u2013 11 h 30<\/th>\n<td>D\u00e9placement<\/td>\n<\/tr>\n<tr>\n<th scope=\"row\">11 h 30 \u2013 12 h 30<\/th>\n<td>S\u00e9ances \u00e0 volets<\/td>\n<\/tr>\n<tr>\n<th scope=\"row\">12 h 30 \u2013 12 h 45<\/th>\n<td>D\u00e9placement<\/td>\n<\/tr>\n<tr>\n<th scope=\"row\">12 h 45 \u2013 13 h 45<\/th>\n<td>D\u00eener des prix d\u2019excellence de CICan<\/td>\n<\/tr>\n<tr>\n<th scope=\"row\">13 h 45 \u2013 14 h 00<\/th>\n<td>D\u00e9placement <\/td>\n<\/tr>\n<tr>\n<th scope=\"row\">14 h 00 \u2013 15 h 00<\/th>\n<td>S\u00e9ances \u00e0 volets<\/td>\n<\/tr>\n<tr>\n<th scope=\"row\">15 h 00 \u2013 15 h 30<\/th>\n<td>Rafra\u00eechissements \u00e0 Foire-Expo<\/td>\n<\/tr>\n<tr>\n<th scope=\"row\">15 h 30 \u2013 15 h 45 <\/th>\n<td>D\u00e9placement<\/td>\n<\/tr>\n<tr>\n<th scope=\"row\">15 h 45 \u2013 16 h 45 <\/th>\n<td>S\u00e9ances \u00e0 volets<\/td>\n<\/tr>\n<tr>\n<th scope=\"row\">16 h 45 \u2013 18 h 30 <\/th>\n<td>R\u00e9ception \u00e0 Foire-Expo<\/td>\n<\/tr>\n<\/tbody>\n<\/table>\n<\/div>\n<h2 class=\"mt-5\">Mercredi 1er mai 2024<\/h2>\n<div class=\"table-responsive mt-5\">\n<table class=\"table table-striped\">\n<thead>\n<tr>\n<th scope=\"col\" width=\"20%\">Heures<\/th>\n<th scope=\"col\" width=\"80%\">Activit\u00e9s<\/th>\n<\/tr>\n<\/thead>\n<tbody>\n<tr>\n<th scope=\"row\">07 h 00 \u2013 15 h 15 <\/th>\n<td>Inscription<\/td>\n<\/tr>\n<tr>\n<th scope=\"row\">07 h 30 \u2013 08 h 30<\/th>\n<td>Petit-d\u00e9jeuner \u00e0 Foire-Expo<\/td>\n<\/tr>\n<tr>\n<th scope=\"row\">08 h 30 \u2013 09 h 30<\/th>\n<td>Conf\u00e9rence principale<\/td>\n<\/tr>\n<tr>\n<th scope=\"row\">09 h 30 \u2013 10 h 00<\/th>\n<td>Rafra\u00eechissements \u00e0 Foire-Expo<\/td>\n<\/tr>\n<tr>\n<th scope=\"row\">10 h 00 \u2013 10 h 15<\/th>\n<td>D\u00e9placement<\/td>\n<\/tr>\n<tr>\n<th scope=\"row\">10 h 15 \u2013 11 h 15<\/th>\n<td>S\u00e9ances \u00e0 volets<\/td>\n<\/tr>\n<tr>\n<th scope=\"row\">11 h 15 \u2013 11 h 30<\/th>\n<td>D\u00e9placement<\/td>\n<\/tr>\n<tr>\n<th scope=\"row\">11 h 30 \u2013 12 h 30<\/th>\n<td>S\u00e9ances \u00e0 volets<\/td>\n<\/tr>\n<tr>\n<th scope=\"row\">12 h 45 \u2013 13 h 45<\/th>\n<td>D\u00eener \u00e0 Foire-Expo<\/td>\n<\/tr>\n<tr>\n<th scope=\"row\">13 h 45 \u2013 14 h 00<\/th>\n<td>D\u00e9placement <\/td>\n<\/tr>\n<tr>\n<th scope=\"row\">14 h 00 \u2013 15 h 00<\/th>\n<td>S\u00e9ances \u00e0 volets<\/td>\n<\/tr>\n<tr>\n<th scope=\"row\">15 h 00 \u2013 15 h 15<\/th>\n<td>Rafra\u00eechissements \u00e0 Foire-Expo<\/td>\n<\/tr>\n<tr>\n<th scope=\"row\">15 h 12 \u2013 16 h 30 <\/th>\n<td>Conf\u00e9rence de cl\u00f4ture<\/td>\n<\/tr>\n<tr>\n<th scope=\"row\">18 h 30 \u2013 19 h 00 <\/th>\n<td>R\u00e9ception (bar payant)<\/td>\n<\/tr>\n<tr>\n<th scope=\"row\">19 h 00 \u2013 22 h 00 <\/th>\n<td>Gala de cl\u00f4ture<\/td>\n<\/tr>\n<\/tbody>\n<\/table>\n<\/div>\n","protected":false},"excerpt":{"rendered":"<p>Le congr\u00e8s propose un ordre du jour bien rempli gr\u00e2ce \u00e0 ses diff\u00e9rents volets th\u00e9matiques et \u00e0 une diversit\u00e9 d\u2019activit\u00e9s. Cette pr\u00e9sentation du congr\u00e8s \u00ab en bref \u00bb permet de voir comment chaque journ\u00e9e se d\u00e9roulera. Toutes les activit\u00e9s se d\u00e9roulent en heure normale des rocheuses (MST). Inscription Samedi 27 avril 2024 Heures Activit\u00e9s 11 [&hellip;]<\/p>\n","protected":false},"author":1,"featured_media":0,"parent":786,"menu_order":0,"comment_status":"closed","ping_status":"closed","template":"","meta":{"_acf_changed":false,"footnotes":""},"class_list":["post-788","page","type-page","status-publish","hentry"],"acf":[],"_links":{"self":[{"href":"https:\/\/events.collegesinstitutes.ca\/conference\/fr\/wp-json\/wp\/v2\/pages\/788","targetHints":{"allow":["GET"]}}],"collection":[{"href":"https:\/\/events.collegesinstitutes.ca\/conference\/fr\/wp-json\/wp\/v2\/pages"}],"about":[{"href":"https:\/\/events.collegesinstitutes.ca\/conference\/fr\/wp-json\/wp\/v2\/types\/page"}],"author":[{"embeddable":true,"href":"https:\/\/events.collegesinstitutes.ca\/conference\/fr\/wp-json\/wp\/v2\/users\/1"}],"replies":[{"embeddable":true,"href":"https:\/\/events.collegesinstitutes.ca\/conference\/fr\/wp-json\/wp\/v2\/comments?post=788"}],"version-history":[{"count":0,"href":"https:\/\/events.collegesinstitutes.ca\/conference\/fr\/wp-json\/wp\/v2\/pages\/788\/revisions"}],"up":[{"embeddable":true,"href":"https:\/\/events.collegesinstitutes.ca\/conference\/fr\/wp-json\/wp\/v2\/pages\/786"}],"wp:attachment":[{"href":"https:\/\/events.collegesinstitutes.ca\/conference\/fr\/wp-json\/wp\/v2\/media?parent=788"}],"curies":[{"name":"wp","href":"https:\/\/api.w.org\/{rel}","templated":true}]}}