{"id":786,"date":"2024-02-21T21:40:17","date_gmt":"2024-02-21T21:40:17","guid":{"rendered":"https:\/\/events.collegesinstitutes.ca\/conference\/program\/"},"modified":"2024-04-13T21:12:07","modified_gmt":"2024-04-13T21:12:07","slug":"programme","status":"publish","type":"page","link":"https:\/\/events.collegesinstitutes.ca\/conference\/fr\/programme\/","title":{"rendered":"Programme"},"content":{"rendered":"<p class=\"lead\">Le Congr\u00e8s Connexion 2024 offrira un programme vari\u00e9, y compris des ateliers et des pr\u00e9sentations, ainsi que des occasions de r\u00e9seautage et d\u2019engagement avec les participants. Avec des activit\u00e9s simultan\u00e9es et une vari\u00e9t\u00e9 de volets, il devrait y avoir quelque chose pour tout le monde.<\/p>\n<div class=\"boxit mb-5\">\n<div class=\"row align-items-center\">\n<div class=\"col-12 col-md-9 order-2 order-md-1\">\n<h2 class=\"mt-0 mb-2\">Forum pr\u00e9congr\u00e8s<\/h2>\n<div>\n<h3>Z\u00e9ro \u00e9mission nette : Le r\u00f4le de l\u2019\u00e9ducation pour assurer une transition \u00e9cologique<\/h3>\n<\/div>\n<div>Cette discussion se concentrera sur l&rsquo;apport d&rsquo;une inspiration accessible et palpable aux institutions de tailles et de budgets vari\u00e9s, dans le but de les autonomiser et de favoriser un changement de comportement \u00e0 leur port\u00e9e.<\/div>\n<div><a class=\"btn btn-primary px-4 px-md-5 mt-4 \" href=\"https:\/\/events.collegesinstitutes.ca\/net-zero\/fr\/\" target=\"_blank\" rel=\"noopener\">Lire la suite<\/a><\/div>\n<\/div>\n<div class=\"col-7 col-md-3 order-1 order-md-2\"><img loading=\"lazy\" decoding=\"async\" src=\"https:\/\/events.collegesinstitutes.ca\/conference\/wp-content\/uploads\/sites\/5\/2024\/03\/conf24-graphic-netzero.png\" alt=\"\" width=\"600\" height=\"600\" class=\"alignnone size-full wp-image-601\" srcset=\"https:\/\/events.collegesinstitutes.ca\/conference\/wp-content\/uploads\/sites\/5\/2024\/03\/conf24-graphic-netzero.png 600w, https:\/\/events.collegesinstitutes.ca\/conference\/wp-content\/uploads\/sites\/5\/2024\/03\/conf24-graphic-netzero-300x300.png 300w, https:\/\/events.collegesinstitutes.ca\/conference\/wp-content\/uploads\/sites\/5\/2024\/03\/conf24-graphic-netzero-150x150.png 150w\" sizes=\"auto, (max-width: 600px) 100vw, 600px\" \/><\/div>\n<\/div>\n<\/div>\n<div class=\"boxit mb-5\">\n<div class=\"row align-items-center\">\n<div class=\"col-12 col-md-9 order-2 order-md-1\">\n<h2 class=\"mt-0 mb-2\">Horaire<\/h2>\n<div>Le congr\u00e8s durera trois jours, sera divis\u00e9e en sept volets th\u00e9matiques et comprendra plus de 50 s\u00e9ances.<\/div>\n<div><a class=\"btn btn-primary px-4 px-md-5 mt-4 \" href=\"https:\/\/events.collegesinstitutes.ca\/conference\/fr\/programme\/horaire\/\">Lire la suite<\/a><\/div>\n<\/div>\n<div class=\"col-7 col-md-3 order-1 order-md-2\"><img loading=\"lazy\" decoding=\"async\" src=\"https:\/\/events.collegesinstitutes.ca\/conference\/wp-content\/uploads\/sites\/5\/2024\/03\/conf24-graphic-conference.png\" alt=\"\" width=\"600\" height=\"524\" class=\"alignnone size-full wp-image-548\" srcset=\"https:\/\/events.collegesinstitutes.ca\/conference\/wp-content\/uploads\/sites\/5\/2024\/03\/conf24-graphic-conference.png 600w, https:\/\/events.collegesinstitutes.ca\/conference\/wp-content\/uploads\/sites\/5\/2024\/03\/conf24-graphic-conference-300x262.png 300w\" sizes=\"auto, (max-width: 600px) 100vw, 600px\" \/><\/div>\n<\/div>\n<\/div>\n<div class=\"boxit mb-5\">\n<div class=\"row align-items-center\">\n<div class=\"col-12 col-md-9 order-2 order-md-1\">\n<h2 class=\"mt-0 mb-2\">Activit\u00e9s de leadership et d&rsquo;apprentissage<\/h2>\n<div>Notre congr\u00e8s Connexion est l&rsquo;occasion id\u00e9ale pour les responsables de l&rsquo;enseignement postsecondaire de se connecter, de partager des connaissances strat\u00e9giques, d&rsquo;apprendre les uns des autres et, en fin de compte, de renforcer le syst\u00e8me canadien des coll\u00e8ges et des instituts. <\/div>\n<div><a class=\"btn btn-primary px-4 px-md-5 mt-4 \" href=\"https:\/\/events.collegesinstitutes.ca\/conference\/fr\/programme\/activites-de-leadership-et-dapprentissage\/\">Lire la suite<\/a><\/div>\n<\/div>\n<div class=\"col-7 col-md-3 order-1 order-md-2\"><img loading=\"lazy\" decoding=\"async\" src=\"https:\/\/events.collegesinstitutes.ca\/conference\/wp-content\/uploads\/sites\/5\/2024\/03\/conf24-graphic-networking.png\" alt=\"\" width=\"600\" height=\"529\" class=\"alignnone size-full wp-image-551\" srcset=\"https:\/\/events.collegesinstitutes.ca\/conference\/wp-content\/uploads\/sites\/5\/2024\/03\/conf24-graphic-networking.png 600w, https:\/\/events.collegesinstitutes.ca\/conference\/wp-content\/uploads\/sites\/5\/2024\/03\/conf24-graphic-networking-300x265.png 300w\" sizes=\"auto, (max-width: 600px) 100vw, 600px\" \/><\/div>\n<\/div>\n<\/div>\n<div class=\"boxit mb-5\">\n<div class=\"row align-items-center\">\n<div class=\"col-12 col-md-9 order-2 order-md-1\">\n<h2 class=\"mt-0 mb-2\">Forums de r\u00e9flexion-discussion<\/h2>\n<div>Pr\u00e9parez-vous \u00e0 des discussion anim\u00e9es et prenantes\u202f! Les forums de discussion-r\u00e9flexion sont ouverts \u00e0 tous les participants. Les discussions porteront sur de nombreux sujets et vous donnerons l\u2019occasion d\u2019y parler de vos exp\u00e9riences et de votre expertise.<\/div>\n<div><a class=\"btn btn-primary px-4 px-md-5 mt-4 \" href=\"https:\/\/events.collegesinstitutes.ca\/conference\/fr\/programme\/forums-de-reflexion-discussion\/\">Lire la suite<\/a><\/div>\n<\/div>\n<div class=\"col-7 col-md-3 order-1 order-md-2\"><img loading=\"lazy\" decoding=\"async\" src=\"https:\/\/events.collegesinstitutes.ca\/conference\/wp-content\/uploads\/sites\/5\/2024\/04\/conf24-graphic-thoughtforums.png\" alt=\"\" width=\"600\" height=\"519\" class=\"alignnone size-full wp-image-3449\" srcset=\"https:\/\/events.collegesinstitutes.ca\/conference\/wp-content\/uploads\/sites\/5\/2024\/04\/conf24-graphic-thoughtforums.png 600w, https:\/\/events.collegesinstitutes.ca\/conference\/wp-content\/uploads\/sites\/5\/2024\/04\/conf24-graphic-thoughtforums-300x260.png 300w\" sizes=\"auto, (max-width: 600px) 100vw, 600px\" \/><\/div>\n<\/div>\n<\/div>\n<div class=\"boxit mb-5\">\n<div class=\"row align-items-center\">\n<div class=\"col-12 col-md-9 order-2 order-md-1\">\n<h2 class=\"mt-0 mb-2\">Activit\u00e9s sociales et de r\u00e9seautage <\/h2>\n<div>Gr\u00e2ce \u00e0 nos activit\u00e9s de r\u00e9seautage, les participants auront l&rsquo;occasion unique et incomparable de nouer des liens avec des coll\u00e8gues de tout le Canada et du monde entier, de forger des relations fortes, de d\u00e9velopper des partenariats de collaboration et d&rsquo;\u00eatre inspir\u00e9s. <\/div>\n<div><a class=\"btn btn-primary px-4 px-md-5 mt-4 \" href=\"https:\/\/events.collegesinstitutes.ca\/conference\/fr\/programme\/activites-sociales-et-de-reseautage\/\">Lire la suite<\/a><\/div>\n<\/div>\n<div class=\"col-7 col-md-3 order-1 order-md-2\"><img loading=\"lazy\" decoding=\"async\" src=\"https:\/\/events.collegesinstitutes.ca\/conference\/wp-content\/uploads\/sites\/5\/2024\/03\/conf24-graphic-social.png\" alt=\"\" width=\"600\" height=\"573\" class=\"alignnone size-full wp-image-581\" srcset=\"https:\/\/events.collegesinstitutes.ca\/conference\/wp-content\/uploads\/sites\/5\/2024\/03\/conf24-graphic-social.png 600w, https:\/\/events.collegesinstitutes.ca\/conference\/wp-content\/uploads\/sites\/5\/2024\/03\/conf24-graphic-social-300x287.png 300w\" sizes=\"auto, (max-width: 600px) 100vw, 600px\" \/><\/div>\n<\/div>\n<\/div>\n<div class=\"boxit mb-5\">\n<div class=\"row align-items-center\">\n<div class=\"col-12 col-md-9 order-2 order-md-1\">\n<h2 class=\"mt-0 mb-2\">Visites de coll\u00e8ges<\/h2>\n<div>Coll\u00e8ges et instituts Canada (CICan) offre aux participants du Congr\u00e8s annuel 2024 une occasion unique de visiter des coll\u00e8ges situ\u00e9s \u00e0 Calgary, et ce, gratuitement.<\/div>\n<div><a class=\"btn btn-primary px-4 px-md-5 mt-4 \" href=\"https:\/\/events.collegesinstitutes.ca\/conference\/fr\/programme\/visites-de-colleges\/\">Lire la suite<\/a><\/div>\n<\/div>\n<div class=\"col-7 col-md-3 order-1 order-md-2\"><img loading=\"lazy\" decoding=\"async\" src=\"https:\/\/events.collegesinstitutes.ca\/conference\/wp-content\/uploads\/sites\/5\/2024\/04\/conf24-graphic-collegevisits.jpg\" alt=\"\" width=\"600\" height=\"573\" class=\"alignnone size-full\" \/><\/div>\n<\/div>\n<\/div>\n","protected":false},"excerpt":{"rendered":"<p>Le Congr\u00e8s Connexion 2024 offrira un programme vari\u00e9, y compris des ateliers et des pr\u00e9sentations, ainsi que des occasions de r\u00e9seautage et d\u2019engagement avec les participants. Avec des activit\u00e9s simultan\u00e9es et une vari\u00e9t\u00e9 de volets, il devrait y avoir quelque chose pour tout le monde. Forum pr\u00e9congr\u00e8s Z\u00e9ro \u00e9mission nette : Le r\u00f4le de l\u2019\u00e9ducation [&hellip;]<\/p>\n","protected":false},"author":1,"featured_media":0,"parent":0,"menu_order":0,"comment_status":"closed","ping_status":"closed","template":"","meta":{"_acf_changed":false,"footnotes":""},"class_list":["post-786","page","type-page","status-publish","hentry"],"acf":[],"_links":{"self":[{"href":"https:\/\/events.collegesinstitutes.ca\/conference\/fr\/wp-json\/wp\/v2\/pages\/786","targetHints":{"allow":["GET"]}}],"collection":[{"href":"https:\/\/events.collegesinstitutes.ca\/conference\/fr\/wp-json\/wp\/v2\/pages"}],"about":[{"href":"https:\/\/events.collegesinstitutes.ca\/conference\/fr\/wp-json\/wp\/v2\/types\/page"}],"author":[{"embeddable":true,"href":"https:\/\/events.collegesinstitutes.ca\/conference\/fr\/wp-json\/wp\/v2\/users\/1"}],"replies":[{"embeddable":true,"href":"https:\/\/events.collegesinstitutes.ca\/conference\/fr\/wp-json\/wp\/v2\/comments?post=786"}],"version-history":[{"count":0,"href":"https:\/\/events.collegesinstitutes.ca\/conference\/fr\/wp-json\/wp\/v2\/pages\/786\/revisions"}],"wp:attachment":[{"href":"https:\/\/events.collegesinstitutes.ca\/conference\/fr\/wp-json\/wp\/v2\/media?parent=786"}],"curies":[{"name":"wp","href":"https:\/\/api.w.org\/{rel}","templated":true}]}}