{"id":723,"date":"2024-03-01T17:49:31","date_gmt":"2024-03-01T17:49:31","guid":{"rendered":"https:\/\/events.collegesinstitutes.ca\/conference\/exposants-et-commanditaires\/become-an-exhibitor-or-sponsor\/"},"modified":"2024-03-11T19:27:15","modified_gmt":"2024-03-11T19:27:15","slug":"devenez-exposant-commanditaires","status":"publish","type":"page","link":"https:\/\/events.collegesinstitutes.ca\/conference\/fr\/exposants-et-commanditaires\/devenez-exposant-commanditaires\/","title":{"rendered":"Devenez exposants ou commanditaires"},"content":{"rendered":"<div class=\"row align-items-center\">\n<div class=\"col-12 col-md-9 order-2 order-md-1\">\n<p class=\"lead\">Le Congr\u00e8s connexion 2024 de CICan offre aux commanditaires et aux exposants l\u2019occasion de rejoindre les leaders, les influenceurs et les d\u00e9cideurs au sein des coll\u00e8ges et instituts canadiens de partout au pays. <\/p>\n<\/div>\n<div class=\"col-7 col-md-3 order-1 order-md-2\"><img loading=\"lazy\" decoding=\"async\" src=\"https:\/\/events.collegesinstitutes.ca\/conference\/wp-content\/uploads\/sites\/5\/2024\/03\/conf24-graphic-marketplace.png\" alt=\"\" width=\"600\" height=\"529\" class=\"alignnone size-full wp-image-554\" srcset=\"https:\/\/events.collegesinstitutes.ca\/conference\/wp-content\/uploads\/sites\/5\/2024\/03\/conf24-graphic-marketplace.png 600w, https:\/\/events.collegesinstitutes.ca\/conference\/wp-content\/uploads\/sites\/5\/2024\/03\/conf24-graphic-marketplace-300x265.png 300w\" sizes=\"auto, (max-width: 600px) 100vw, 600px\" \/><\/div>\n<\/div>\n<h2>Qui sont les participants<\/h2>\n<p>Plus de 1200 leaders influents du secteur de l\u2019\u00e9ducation postsecondaire de partout au pays et de l\u2019\u00e9tranger y participeront, y compris des pr\u00e9sidents, directeurs g\u00e9n\u00e9raux et vice-pr\u00e9sidents, des gouverneurs, des doyens, des directeurs, des \u00e9tudiants et d\u2019autres. <\/p>\n<h2 class=\"mt-5\">Commandites<\/h2>\n<p>Distinguez-vous des autres! Un parrainage g\u00e9n\u00e9ral du Congr\u00e8s 2024 permet \u00e0 votre marque d\u2019\u00eatre vue au plus haut niveau du congr\u00e8s. Soyez pr\u00e9sent sur toute la plate-forme virtuelle et gardez le nom de votre entreprise au premier plan. Le Congr\u00e8s 2024 propose des parrainages de s\u00e9ances principales, d\u2019activit\u00e9s sociales, de groupes d\u2019affinit\u00e9, de programmes et bien plus encore. Interagissez et r\u00e9seautez avec les participants au congr\u00e8s tout en d\u00e9montrant votre engagement envers les coll\u00e8ges et instituts.   <\/p>\n<div class=\"boxit my-5\">\n<h3 class=\"mb-5 text-center\">En tant que parrain, vous aurez la possibilit\u00e9 de:<\/h3>\n<div class=\"row justify-content-md-center\">\n<div class=\"col-12\">\n<div class=\"row text-center\">\n<div class=\"col-md-3 mt-3 mt-md-0\">\n<img loading=\"lazy\" decoding=\"async\" src=\"https:\/\/events.collegesinstitutes.ca\/conference\/wp-content\/uploads\/sites\/5\/2024\/03\/icon-exhibitorsponsor-01.png\" alt=\"megaphone icon\" width=\"100\" height=\"100\" class=\"aligncenter size-full my-0\" \/><br \/>\n<strong>Promouvoir<\/strong> votre organisation aupr\u00e8s des participants au congr\u00e8s<\/div>\n<div class=\"col-md-3 mt-3 mt-md-0\">\n<img loading=\"lazy\" decoding=\"async\" src=\"https:\/\/events.collegesinstitutes.ca\/conference\/wp-content\/uploads\/sites\/5\/2024\/03\/icon-exhibitorsponsor-02.png\" alt=\"hands shaking icon\" width=\"100\" height=\"100\" class=\"aligncenter size-full my-0\" \/><br \/>\n<strong>D\u00e9velopper<\/strong> des relations<\/div>\n<div class=\"col-md-3 mt-3 mt-md-0\">\n<img loading=\"lazy\" decoding=\"async\" src=\"https:\/\/events.collegesinstitutes.ca\/conference\/wp-content\/uploads\/sites\/5\/2024\/03\/icon-exhibitorsponsor-03.png\" alt=\"star icon\" width=\"100\" height=\"100\" class=\"aligncenter size-full my-0\" \/><br \/>\n<strong>Pr\u00e9senter<\/strong> vos produits et services<\/div>\n<div class=\"col-md-3 mt-3 mt-md-0\">\n<img loading=\"lazy\" decoding=\"async\" src=\"https:\/\/events.collegesinstitutes.ca\/conference\/wp-content\/uploads\/sites\/5\/2024\/03\/icon-exhibitorsponsor-04.png\" alt=\"people with arrow icon\" width=\"100\" height=\"100\" class=\"aligncenter size-full my-0\" \/><br \/>\n<strong>R\u00e9seauter<\/strong> avec des contacts cl\u00e9s<\/div>\n<\/div>\n<\/div>\n<\/div>\n<\/div>\n<p>Tous les d\u00e9tails se trouvent dans <a href=\"https:\/\/conference.collegesinstitutes.ca\/wp-content\/uploads\/2023\/12\/CICan2024-Prospectus-FR.pdf\" rel=\"noopener\" target=\"_blank\">le prospectus<\/a>. Ou bien contactez-nous pour plus de renseignements! Toutes les commandites sont disponibles sur la base du premier arriv\u00e9, premier servi, alors ne tardez pas! <\/p>\n<p><a class=\"btn btn-primary my-3 me-3\" href=\"https:\/\/collegesinstitutes.sharepoint.com\/:b:\/g\/extcollab\/EdHwXX7KtqlOqacscu5ZeDwBq2-_YtH8jRdYgwUMzEu-Zg\" target=\"_blank\" rel=\"noopener\">T\u00e9l\u00e9charger le prospectus<\/a>\u00a0<a class=\"btn btn-primary my-3 me-3\" href=\"https:\/\/na.eventscloud.com\/ereg\/index.php?eventid=778204&#038;language=fre\" target=\"_blank\" rel=\"noopener noreferrer\">Reservez Maintenant<\/a><\/p>\n<h2 class=\"mt-5\">Exposants<\/h2>\n<p>Rejoignez le Congr\u00e8s connexion 2024 de CICan en tant qu\u2019exposant \u00e0 Foire-Expo. Le paiement complet de l\u2019espace d\u2019exposition est requis pour terminer l\u2019inscription et recevoir la confirmation du stand.<\/p>\n<div class=\"boxit my-5\">\n<h3 class=\"mb-5 text-center\">Notre Salon des exposants vous donne l\u2019occasion de:<\/h3>\n<div class=\"row text-center justify-content-md-center\">\n<div class=\"col-12\">\n<div class=\"row\">\n<div class=\"col-md-3 mt-3 mt-md-0\">\n<img loading=\"lazy\" decoding=\"async\" src=\"https:\/\/events.collegesinstitutes.ca\/conference\/wp-content\/uploads\/sites\/5\/2024\/03\/icon-exhibitorsponsor-05.png\" alt=\"speech bubbles icon\" width=\"100\" height=\"100\" class=\"aligncenter size-full my-0\" \/><br \/>\n<strong>Sensibiliser<\/strong><\/div>\n<div class=\"col-md-3 mt-3 mt-md-0\">\n<img loading=\"lazy\" decoding=\"async\" src=\"https:\/\/events.collegesinstitutes.ca\/conference\/wp-content\/uploads\/sites\/5\/2024\/03\/icon-exhibitorsponsor-06.png\" alt=\"person with chart icon\" width=\"100\" height=\"100\" class=\"aligncenter size-full my-0\" \/><br \/>\n<strong>B\u00e2tir<\/strong> votre marque<\/div>\n<div class=\"col-md-3 mt-3 mt-md-0\">\n<img loading=\"lazy\" decoding=\"async\" src=\"https:\/\/events.collegesinstitutes.ca\/conference\/wp-content\/uploads\/sites\/5\/2024\/03\/icon-exhibitorsponsor-07.png\" alt=\"3 persons icon\" width=\"100\" height=\"100\" class=\"aligncenter size-full my-0\" \/><br \/>\n<strong>Interagir et r\u00e9seauter<\/strong> avec les participants au congr\u00e8s<\/div>\n<div class=\"col-md-3 mt-3 mt-md-0\">\n<img loading=\"lazy\" decoding=\"async\" src=\"https:\/\/events.collegesinstitutes.ca\/conference\/wp-content\/uploads\/sites\/5\/2024\/03\/icon-exhibitorsponsor-08.png\" alt=\"hand holding college building icon\" width=\"100\" height=\"100\" class=\"aligncenter size-full my-0\" \/><br \/>\n<strong>D\u00e9montrer votre engagement<\/strong> envers les coll\u00e8ges et instituts partout au monde<\/div>\n<\/div>\n<\/div>\n<\/div>\n<\/div>\n<p>Rejoignez notre famille grandissante de commanditaires et d\u2019exposants du Congr\u00e8s, et faites conna\u00eetre votre marque, service ou produit aupr\u00e8s des participants ! <\/p>\n<p><a class=\"btn btn-primary my-3 me-3\" href=\"https:\/\/collegesinstitutes.sharepoint.com\/:b:\/g\/extcollab\/EdHwXX7KtqlOqacscu5ZeDwBq2-_YtH8jRdYgwUMzEu-Zg\" target=\"_blank\" rel=\"noopener\">T\u00e9l\u00e9charger le prospectus<\/a> <a class=\"btn btn-primary my-3 me-3\" href=\"https:\/\/na.eventscloud.com\/ereg\/index.php?eventid=778204&#038;language=fre\" target=\"_blank\" rel=\"noopener noreferrer\">Reservez Maintenant<\/a><\/p>\n<h2 class=\"mt-5\">Pour de plus amples d\u00e9tails, veuillez contacter :<\/h2>\n<p><strong>Rozanne Lyons, CMP <\/strong><br \/>\nIntertask Conferences <br \/>\nT\u00e9l : 613-238-4075 x 221 <br \/>\nCourriel : <a href=\"mailto:cicanexhibits@intertaskconferences.com\">cicanexhibits@intertaskconferences.com<\/a><\/p>\n","protected":false},"excerpt":{"rendered":"<p>Le Congr\u00e8s connexion 2024 de CICan offre aux commanditaires et aux exposants l\u2019occasion de rejoindre les leaders, les influenceurs et les d\u00e9cideurs au sein des coll\u00e8ges et instituts canadiens de partout au pays. Qui sont les participants Plus de 1200 leaders influents du secteur de l\u2019\u00e9ducation postsecondaire de partout au pays et de l\u2019\u00e9tranger y [&hellip;]<\/p>\n","protected":false},"author":1,"featured_media":0,"parent":721,"menu_order":0,"comment_status":"closed","ping_status":"closed","template":"","meta":{"_acf_changed":false,"footnotes":""},"class_list":["post-723","page","type-page","status-publish","hentry"],"acf":[],"_links":{"self":[{"href":"https:\/\/events.collegesinstitutes.ca\/conference\/fr\/wp-json\/wp\/v2\/pages\/723","targetHints":{"allow":["GET"]}}],"collection":[{"href":"https:\/\/events.collegesinstitutes.ca\/conference\/fr\/wp-json\/wp\/v2\/pages"}],"about":[{"href":"https:\/\/events.collegesinstitutes.ca\/conference\/fr\/wp-json\/wp\/v2\/types\/page"}],"author":[{"embeddable":true,"href":"https:\/\/events.collegesinstitutes.ca\/conference\/fr\/wp-json\/wp\/v2\/users\/1"}],"replies":[{"embeddable":true,"href":"https:\/\/events.collegesinstitutes.ca\/conference\/fr\/wp-json\/wp\/v2\/comments?post=723"}],"version-history":[{"count":0,"href":"https:\/\/events.collegesinstitutes.ca\/conference\/fr\/wp-json\/wp\/v2\/pages\/723\/revisions"}],"up":[{"embeddable":true,"href":"https:\/\/events.collegesinstitutes.ca\/conference\/fr\/wp-json\/wp\/v2\/pages\/721"}],"wp:attachment":[{"href":"https:\/\/events.collegesinstitutes.ca\/conference\/fr\/wp-json\/wp\/v2\/media?parent=723"}],"curies":[{"name":"wp","href":"https:\/\/api.w.org\/{rel}","templated":true}]}}