{"id":663,"date":"2024-02-21T20:36:26","date_gmt":"2024-02-21T20:36:26","guid":{"rendered":"https:\/\/events.collegesinstitutes.ca\/conference\/a-propos\/hosts\/"},"modified":"2024-03-11T19:16:06","modified_gmt":"2024-03-11T19:16:06","slug":"hotes","status":"publish","type":"page","link":"https:\/\/events.collegesinstitutes.ca\/conference\/fr\/a-propos\/hotes\/","title":{"rendered":"H\u00f4tes"},"content":{"rendered":"<h2>Organisateur de congr\u00e8s<\/h2>\n<div class=\"row align-items-center\">\n<div class=\"col-12 col-md-8\">\n<h3>Coll\u00e8ges et instituts Canada (CICan)<\/h3>\n<p>\u202f<br \/>\nCICan est le porte-parole national et international du plus grand r\u00e9seau d\u2019\u00e9tablissements postsecondaires au Canada. L\u2019association d\u00e9fend les int\u00e9r\u00eats, accroit les capacit\u00e9s et fait avancer le savoir afin de renforcer les coll\u00e8ges, c\u00e9geps et instituts publics du pays. \u00c9tant donn\u00e9 que plus de 95% des Canadiens et des Canadiennes habitent \u00e0 moins de 50 km d\u2019un \u00e9tablissement membre de CICan, et gr\u00e2ce \u00e0 la vaste port\u00e9e de son r\u00e9seau autour du monde, l\u2019association contribue concr\u00e8tement au d\u00e9veloppement de communaut\u00e9s \u00e0 toute \u00e9preuve, autant \u00e0 l\u2019\u00e9chelle nationale qu\u2019internationale. <\/p>\n<p>Nous reconnaissons respectueusement que les bureaux de CICan \u00e0 Ottawa sont situ\u00e9s sur les territoires traditionnels et non c\u00e9d\u00e9s de la nation algonquine Anishinaabe.<br \/>\n<a href=\"https:\/\/www.collegesinstitutes.ca\/fr\" class=\"btn btn-primary mt-4\" target=\"_blank\" rel=\"noopener\">Visitez CICan<\/a>\n<\/div>\n<div class=\"col-4\">\n<img decoding=\"async\" src=\"https:\/\/events.collegesinstitutes.ca\/conference\/wp-content\/uploads\/sites\/5\/2024\/02\/CICan2_Logo_uni_Fr_Black.png\" width=\"250\" class=\"mb-4\" alt=\"Colleges and Institutes Canada logo\">\n<\/div>\n<\/div>\n<h2>Les h\u00f4tes<\/h2>\n<div class=\"row align-items-center border-bottom pb-5 mb-5\">\n<div class=\"col-12 col-md-8\">\n<h3>Bow Valley College<\/h3>\n<div>Le Bow Valley College est le seul coll\u00e8ge de la r\u00e9gion \u00e0 Calgary, avec 14 000 \u00e9tudiants et \u00e9tudiantes, qui offre une aussi grande vari\u00e9t\u00e9 de programmes, tels que : commerce, technologie, arts du spectacle, sant\u00e9 \u00e9tudes communautaires et programmes de base.<\/div>\n<div><a href=\"https:\/\/bowvalleycollege.ca\/\" class=\"btn btn-primary mt-4\" target=\"_blank\" rel=\"noopener\">Visitez le site Web<\/a><\/div>\n<\/div>\n<div class=\"col-4 text-center\"><img decoding=\"async\" src=\"https:\/\/events.collegesinstitutes.ca\/conference\/wp-content\/uploads\/sites\/5\/2024\/02\/BVC_Logo_Blue_emailsig.jpeg\" class=\"mb-4 mb-md-0\"><\/div>\n<\/div>\n<div class=\"row align-items-center\">\n<div class=\"col-12 col-md-8\">\n<h3>SAIT <\/h3>\n<div>Le SAIT dessert plus de 50 000 \u00e9tudiants et \u00e9tudiantes chaque ann\u00e9e, offrant des programmes de certificat, de dipl\u00f4me, de post dipl\u00f4me, d\u2019apprentissage et de dipl\u00f4me appliqu\u00e9, de formation en entreprise, d\u2019\u00e9ducation permanente et de recherche appliqu\u00e9e.<\/div>\n<div><a href=\"https:\/\/www.sait.ca\/\" class=\"btn btn-primary mt-4\" target=\"_blank\" rel=\"noopener\">Visitez le site Web<\/a><\/div>\n<\/div>\n<div class=\"col-4 text-center\"><img decoding=\"async\" src=\"https:\/\/events.collegesinstitutes.ca\/conference\/wp-content\/uploads\/sites\/5\/2024\/02\/sait_icon_wordmark_vert_colour.png\" width=\"150\" class=\"mb-4 mb-md-0\"><\/div>\n<\/div>\n","protected":false},"excerpt":{"rendered":"<p>Organisateur de congr\u00e8s Coll\u00e8ges et instituts Canada (CICan) \u202f CICan est le porte-parole national et international du plus grand r\u00e9seau d\u2019\u00e9tablissements postsecondaires au Canada. L\u2019association d\u00e9fend les int\u00e9r\u00eats, accroit les capacit\u00e9s et fait avancer le savoir afin de renforcer les coll\u00e8ges, c\u00e9geps et instituts publics du pays. \u00c9tant donn\u00e9 que plus de 95% des Canadiens [&hellip;]<\/p>\n","protected":false},"author":1,"featured_media":0,"parent":655,"menu_order":0,"comment_status":"closed","ping_status":"closed","template":"","meta":{"_acf_changed":false,"footnotes":""},"class_list":["post-663","page","type-page","status-publish","hentry"],"acf":[],"_links":{"self":[{"href":"https:\/\/events.collegesinstitutes.ca\/conference\/fr\/wp-json\/wp\/v2\/pages\/663","targetHints":{"allow":["GET"]}}],"collection":[{"href":"https:\/\/events.collegesinstitutes.ca\/conference\/fr\/wp-json\/wp\/v2\/pages"}],"about":[{"href":"https:\/\/events.collegesinstitutes.ca\/conference\/fr\/wp-json\/wp\/v2\/types\/page"}],"author":[{"embeddable":true,"href":"https:\/\/events.collegesinstitutes.ca\/conference\/fr\/wp-json\/wp\/v2\/users\/1"}],"replies":[{"embeddable":true,"href":"https:\/\/events.collegesinstitutes.ca\/conference\/fr\/wp-json\/wp\/v2\/comments?post=663"}],"version-history":[{"count":0,"href":"https:\/\/events.collegesinstitutes.ca\/conference\/fr\/wp-json\/wp\/v2\/pages\/663\/revisions"}],"up":[{"embeddable":true,"href":"https:\/\/events.collegesinstitutes.ca\/conference\/fr\/wp-json\/wp\/v2\/pages\/655"}],"wp:attachment":[{"href":"https:\/\/events.collegesinstitutes.ca\/conference\/fr\/wp-json\/wp\/v2\/media?parent=663"}],"curies":[{"name":"wp","href":"https:\/\/api.w.org\/{rel}","templated":true}]}}