{"id":661,"date":"2024-02-26T20:05:13","date_gmt":"2024-02-26T20:05:13","guid":{"rendered":"https:\/\/events.collegesinstitutes.ca\/conference\/about\/a-greener-conference\/"},"modified":"2024-03-11T19:00:51","modified_gmt":"2024-03-11T19:00:51","slug":"un-congres-plus-ecolo","status":"publish","type":"page","link":"https:\/\/events.collegesinstitutes.ca\/conference\/fr\/a-propos\/un-congres-plus-ecolo\/","title":{"rendered":"Un congr\u00e8s plus \u00e9colo"},"content":{"rendered":"<div class=\"row align-items-center\">\n<div class=\"col-12 col-md-9 order-2 order-md-1\">\n<p class=\"lead\">Dans le cadre de l\u2019engagement de CICan en faveur de l\u2019action climatique, nous prenons des moyens pour rendre notre congr\u00e8s annuel plus \u00e9cologique en r\u00e9duisant les d\u00e9chets et les \u00e9missions de GES.<\/p>\n<p>Vous trouverez ci-dessous quelques-unes des mesures que CICan prend d\u00e9j\u00e0 ou a pr\u00e9vu prendre pour r\u00e9duire l\u2019impact environnemental du congr\u00e8s, ainsi que des suggestions qui feront de vous des participants et participantes plus \u00e9coresponsables.\n<\/p><\/div>\n<div class=\"col-7 col-md-3 order-1 order-md-2\">\n<img loading=\"lazy\" decoding=\"async\" src=\"https:\/\/events.collegesinstitutes.ca\/conference\/wp-content\/uploads\/sites\/5\/2024\/03\/conf24-graphic-sustainability.png\" alt=\"\" width=\"600\" height=\"525\" class=\"alignnone size-full wp-image-597\" srcset=\"https:\/\/events.collegesinstitutes.ca\/conference\/wp-content\/uploads\/sites\/5\/2024\/03\/conf24-graphic-sustainability.png 600w, https:\/\/events.collegesinstitutes.ca\/conference\/wp-content\/uploads\/sites\/5\/2024\/03\/conf24-graphic-sustainability-300x263.png 300w\" sizes=\"auto, (max-width: 600px) 100vw, 600px\" \/>\n<\/div>\n<\/div>\n<div class=\"boxit p-5 my-5\">\n<h3 class=\"mt-4\">Ce que fait CICan :<\/h3>\n<ul>\n<li>Le lieu du congr\u00e8s, <a href=\"https:\/\/calgary-convention.com\/about\/collective-responsibility\/\" rel=\"noopener\" target=\"_blank\">le TELUS Convention Centre<\/a>, a la certification <a href=\"https:\/\/greenkeyglobal.com\/fr\/\" rel=\"noopener\" target=\"_blank\">Cl\u00e9 verte<\/a> et favorise les pratiques d\u2019exploitation durables.<\/li>\n<li>Nous r\u00e9duisons la consommation et les d\u00e9chets en n\u2019imprimant pas d\u2019ordres du jour ni de programmes et en proposant des solutions de remplacement aux articles promotionnels, p. ex. des dons aux fonds de bourses d\u2019\u00e9tudes.<\/li>\n<li>Il n\u2019y aura pas de bouteilles d\u2019eau en plastique \u00e0 usage unique.<\/li>\n<li>Nous compenserons les \u00e9missions de tous les d\u00e9placements du personnel de CICan qui se rendra \u00e0 Calgary par l\u2019achat de cr\u00e9dits carbone v\u00e9rifi\u00e9s.<\/li>\n<\/ul>\n<h3 class=\"mt-4\">Ce que vous pouvez faire :<\/h3>\n<ul>\n<li>Apportez votre propre bouteille d\u2019eau r\u00e9utilisable.<\/li>\n<li>D\u00e9posez vos d\u00e9chets et votre compost dans les poubelles pr\u00e9vues \u00e0 cet effet.<\/li>\n<li>Refusez l\u2019entretien quotidien de la chambre d\u2019h\u00f4tel.<\/li>\n<\/ul>\n<\/div>\n<h2 class=\"mt-5\">Voyager<\/h2>\n<p>CICan est d\u00e9termin\u00e9e \u00e0 r\u00e9duire consid\u00e9rablement les cons\u00e9quences climatiques et environnementales de son congr\u00e8s annuel, dont la majorit\u00e9 est li\u00e9e aux d\u00e9placements. Pour nous aider \u00e0 atteindre cet objectif, nous vous encourageons \u00e0 envisager ces options \u00e9cologiques.<\/p>\n<div class=\"boxit p-5 my-5\">\n<h3 class=\"mt-4\">Voyage vers\/depuis Calgary :<\/h3>\n<ul>\n<li>Si vous prenez l\u2019avion, r\u00e9duisez vos \u00e9missions en choisissant des vols directs si possible (plusieurs vols plus courts et des escales sont beaucoup plus polluants) et voyagez l\u00e9ger (plus l\u2019avion est lourd, plus il consomme de carburant).<\/li>\n<li>Achetez des cr\u00e9dits carbone aupr\u00e8s d\u2019une source r\u00e9put\u00e9e pour compenser les \u00e9missions produites par vos vols. Si votre \u00e9tablissement n\u2019offre pas cette possibilit\u00e9, vous pourriez le faire aupr\u00e8s du <a href=\"https:\/\/www.carbonzero.ca\/offset-projects\/great-bear-forest-carbon-project\" rel=\"noopener\" target=\"_blank\">Great Bear Rainforest Carbon Project<\/a>, qui est recommand\u00e9 par notre coorganisateur du congr\u00e8s, le <a href=\"https:\/\/bowvalleycollege.ca\/our-stories\/2021\/general\/the-great-bear-rainforest-initiative\" rel=\"noopener\" target=\"_blank\">Bow Valley College<\/a>.<\/li>\n<li>Si vous arrivez de l\u2019Alberta, de la Saskatchewan ou de la Colombie-Britannique, pensez \u00e0 des modes de transport moins polluants, notamment l\u2019<a href=\"https:\/\/www.busbud.com\/fr\" rel=\"noopener\" target=\"_blank\">autocar interurbain<\/a> et le covoiturage.<\/li>\n<li>Un service de bus rapide et fr\u00e9quent est assur\u00e9 <a href=\"https:\/\/www.yyc.com\/en-us\/navigatingyyc\/groundtransportation\/publictransportation.aspx\" rel=\"noopener\" target=\"_blank\">entre l\u2019a\u00e9roport international de Calgary et le centre-ville<\/a>.<\/li>\n<\/ul>\n<h3 class=\"mt-4\">D\u00e9placements dans la ville de Calgary :<\/h3>\n<ul>\n<li>Choisissez des options peu polluantes, notamment la marche (ne manquez pas le c\u00e9l\u00e8bre r\u00e9seau de passerelles <a href=\"https:\/\/www.calgary.ca\/bike-walk-roll\/plus-15-network.html\" rel=\"noopener\" target=\"_blank\">Plus 15 Skywalk<\/a>), les <a href=\"https:\/\/www.calgary.ca\/bike-walk-roll\/electric-scooters.html\" rel=\"noopener\" target=\"_blank\">trottinettes et v\u00e9los \u00e9lectriques<\/a>, le r\u00e9seau de <a href=\"https:\/\/www.calgarytransit.com\/content\/transit\/en\/home\/home.html\" rel=\"noopener\" target=\"_blank\">transport en commun de Calgary<\/a> (y compris une <a href=\"https:\/\/www.calgarytransit.com\/content\/transit\/en\/home\/news\/the-td-free-fare-zone.html\" rel=\"noopener\" target=\"_blank\">zone de gratuit\u00e9 au centre-ville<\/a> sur le <a href=\"https:\/\/www.calgarytransit.com\/content\/transit\/en\/home\/about-calgary-transit\/commitment-to-the-environment\/air.html\" rel=\"noopener\" target=\"_blank\">C-Train<\/a>, aliment\u00e9 par \u00e9nergie \u00e9olienne) et le covoiturage.<\/il>\n<\/ul>\n<\/div>\n","protected":false},"excerpt":{"rendered":"<p>Dans le cadre de l\u2019engagement de CICan en faveur de l\u2019action climatique, nous prenons des moyens pour rendre notre congr\u00e8s annuel plus \u00e9cologique en r\u00e9duisant les d\u00e9chets et les \u00e9missions de GES. Vous trouverez ci-dessous quelques-unes des mesures que CICan prend d\u00e9j\u00e0 ou a pr\u00e9vu prendre pour r\u00e9duire l\u2019impact environnemental du congr\u00e8s, ainsi que des [&hellip;]<\/p>\n","protected":false},"author":1,"featured_media":0,"parent":655,"menu_order":0,"comment_status":"closed","ping_status":"closed","template":"","meta":{"_acf_changed":false,"footnotes":""},"class_list":["post-661","page","type-page","status-publish","hentry"],"acf":[],"_links":{"self":[{"href":"https:\/\/events.collegesinstitutes.ca\/conference\/fr\/wp-json\/wp\/v2\/pages\/661","targetHints":{"allow":["GET"]}}],"collection":[{"href":"https:\/\/events.collegesinstitutes.ca\/conference\/fr\/wp-json\/wp\/v2\/pages"}],"about":[{"href":"https:\/\/events.collegesinstitutes.ca\/conference\/fr\/wp-json\/wp\/v2\/types\/page"}],"author":[{"embeddable":true,"href":"https:\/\/events.collegesinstitutes.ca\/conference\/fr\/wp-json\/wp\/v2\/users\/1"}],"replies":[{"embeddable":true,"href":"https:\/\/events.collegesinstitutes.ca\/conference\/fr\/wp-json\/wp\/v2\/comments?post=661"}],"version-history":[{"count":0,"href":"https:\/\/events.collegesinstitutes.ca\/conference\/fr\/wp-json\/wp\/v2\/pages\/661\/revisions"}],"up":[{"embeddable":true,"href":"https:\/\/events.collegesinstitutes.ca\/conference\/fr\/wp-json\/wp\/v2\/pages\/655"}],"wp:attachment":[{"href":"https:\/\/events.collegesinstitutes.ca\/conference\/fr\/wp-json\/wp\/v2\/media?parent=661"}],"curies":[{"name":"wp","href":"https:\/\/api.w.org\/{rel}","templated":true}]}}