{"id":655,"date":"2024-02-21T19:53:41","date_gmt":"2024-02-21T19:53:41","guid":{"rendered":"https:\/\/events.collegesinstitutes.ca\/conference\/about\/"},"modified":"2024-03-11T19:01:10","modified_gmt":"2024-03-11T19:01:10","slug":"a-propos","status":"publish","type":"page","link":"https:\/\/events.collegesinstitutes.ca\/conference\/fr\/a-propos\/","title":{"rendered":"\u00c0 propos"},"content":{"rendered":"<div class=\"row align-items-center\">\n<div class=\"col-12 col-md-9 order-2 order-md-1\">\n<p class=\"lead\">Le congr\u00e8s annuel de CICan est le seul \u00e9v\u00e9nement de son genre au Canada. Il offre aux dirigeants de coll\u00e8ges et d\u2019instituts et aux intervenants de partout au pays et du monde l\u2019occasion de r\u00e9seauter, de partager des pratiques exemplaires et d\u2019\u00eatre inspir\u00e9s. Cet \u00e9v\u00e9nement unique comprend des discours, des panels, et des ateliers dans une vari\u00e9t\u00e9 de flux qui parlent \u00e0 tous les niveaux de leaders du syst\u00e8me.<\/p>\n<p>Plus de 1200 participants se r\u00e9uniront pour r\u00e9fl\u00e9chir et discuter de la fa\u00e7on dont l\u2019enseignement sup\u00e9rieur d\u00e9veloppe les talents pour un avenir r\u00e9silient.<\/p>\n<p><strong>Cultiver les talents pour un avenir r\u00e9silient<\/strong> est un \u00e9l\u00e9ment essentiel le au d\u00e9veloppement d\u2019une main-d\u2019\u0153uvre qui implique cultiver les comp\u00e9tences, les connaissances et les capacit\u00e9s pour s\u2019adapter et prosp\u00e9rer en p\u00e9riode d\u2019incertitude, de perturbation et d\u2019\u00e9volution des besoins de l\u2019industrie. L\u2019avenir est impr\u00e9visible et la r\u00e9silience est un attribut cl\u00e9 pour assurer la r\u00e9ussite des dipl\u00f4m\u00e9s dans un monde en \u00e9volution rapide.<\/p>\n<p>Ce th\u00e8me convient \u00e9galement fort bien \u00e0 nos \u00e9tablissements h\u00f4tes, Bow Valley College et SAIT, ainsi qu\u2019\u00e0 notre ville d\u2019accueil, Calgary, qui est r\u00e9put\u00e9e pour attirer et faire cro\u00eetre les talents dans des domaines comme la haute technologie, l\u2019agriculture, l\u2019\u00e9nergie et le tourisme.<\/p><\/div>\n<div class=\"col-7 col-md-3 order-1 order-md-2\"><img loading=\"lazy\" decoding=\"async\" src=\"https:\/\/events.collegesinstitutes.ca\/conference\/wp-content\/uploads\/sites\/5\/2024\/03\/conf24-maingraphic-1.jpg\" alt=\"\" width=\"871\" height=\"1095\" class=\"alignnone size-full wp-image-577\" srcset=\"https:\/\/events.collegesinstitutes.ca\/conference\/wp-content\/uploads\/sites\/5\/2024\/03\/conf24-maingraphic-1.jpg 871w, https:\/\/events.collegesinstitutes.ca\/conference\/wp-content\/uploads\/sites\/5\/2024\/03\/conf24-maingraphic-1-239x300.jpg 239w, https:\/\/events.collegesinstitutes.ca\/conference\/wp-content\/uploads\/sites\/5\/2024\/03\/conf24-maingraphic-1-815x1024.jpg 815w, https:\/\/events.collegesinstitutes.ca\/conference\/wp-content\/uploads\/sites\/5\/2024\/03\/conf24-maingraphic-1-768x966.jpg 768w\" sizes=\"auto, (max-width: 871px) 100vw, 871px\" \/><\/div>\n<\/div>\n","protected":false},"excerpt":{"rendered":"<p>Le congr\u00e8s annuel de CICan est le seul \u00e9v\u00e9nement de son genre au Canada. Il offre aux dirigeants de coll\u00e8ges et d\u2019instituts et aux intervenants de partout au pays et du monde l\u2019occasion de r\u00e9seauter, de partager des pratiques exemplaires et d\u2019\u00eatre inspir\u00e9s. Cet \u00e9v\u00e9nement unique comprend des discours, des panels, et des ateliers dans [&hellip;]<\/p>\n","protected":false},"author":1,"featured_media":0,"parent":0,"menu_order":0,"comment_status":"closed","ping_status":"closed","template":"page-about.php","meta":{"_acf_changed":false,"footnotes":""},"class_list":["post-655","page","type-page","status-publish","hentry"],"acf":[],"_links":{"self":[{"href":"https:\/\/events.collegesinstitutes.ca\/conference\/fr\/wp-json\/wp\/v2\/pages\/655","targetHints":{"allow":["GET"]}}],"collection":[{"href":"https:\/\/events.collegesinstitutes.ca\/conference\/fr\/wp-json\/wp\/v2\/pages"}],"about":[{"href":"https:\/\/events.collegesinstitutes.ca\/conference\/fr\/wp-json\/wp\/v2\/types\/page"}],"author":[{"embeddable":true,"href":"https:\/\/events.collegesinstitutes.ca\/conference\/fr\/wp-json\/wp\/v2\/users\/1"}],"replies":[{"embeddable":true,"href":"https:\/\/events.collegesinstitutes.ca\/conference\/fr\/wp-json\/wp\/v2\/comments?post=655"}],"version-history":[{"count":0,"href":"https:\/\/events.collegesinstitutes.ca\/conference\/fr\/wp-json\/wp\/v2\/pages\/655\/revisions"}],"wp:attachment":[{"href":"https:\/\/events.collegesinstitutes.ca\/conference\/fr\/wp-json\/wp\/v2\/media?parent=655"}],"curies":[{"name":"wp","href":"https:\/\/api.w.org\/{rel}","templated":true}]}}