{"id":3446,"date":"2024-04-13T19:51:39","date_gmt":"2024-04-13T19:51:39","guid":{"rendered":"https:\/\/events.collegesinstitutes.ca\/conference\/programme\/thought-forums\/"},"modified":"2024-04-13T21:11:38","modified_gmt":"2024-04-13T21:11:38","slug":"forums-de-reflexion-discussion","status":"publish","type":"page","link":"https:\/\/events.collegesinstitutes.ca\/conference\/fr\/programme\/forums-de-reflexion-discussion\/","title":{"rendered":"Forums de r\u00e9flexion-discussion"},"content":{"rendered":"<div class=\"row align-items-center\">\n<div class=\"col-12 col-md-9 order-2 order-md-1\">\n<p class=\"lead\">Pr\u00e9parez-vous \u00e0 des discussion anim\u00e9es et prenantes\u202f! Les forums de discussion-r\u00e9flexion sont ouverts \u00e0 tous les participants. Les discussions porteront sur de nombreux sujets et vous donnerons l\u2019occasion d\u2019y parler de vos exp\u00e9riences et de votre expertise.<\/p>\n<p><a href=\"https:\/\/cvent.me\/Kvnn0V?locale=fr\" target=\"_blank\" rel=\"noopener\" class=\"btn btn-primary my-3\">Inscription<\/a><\/div>\n<div class=\"col-7 col-md-3 order-1 order-md-2\">\n<img loading=\"lazy\" decoding=\"async\" src=\"https:\/\/events.collegesinstitutes.ca\/conference\/wp-content\/uploads\/sites\/5\/2024\/04\/conf24-graphic-thoughtforums.png\" alt=\"\" width=\"600\" height=\"519\" class=\"alignnone size-full wp-image-3449\" srcset=\"https:\/\/events.collegesinstitutes.ca\/conference\/wp-content\/uploads\/sites\/5\/2024\/04\/conf24-graphic-thoughtforums.png 600w, https:\/\/events.collegesinstitutes.ca\/conference\/wp-content\/uploads\/sites\/5\/2024\/04\/conf24-graphic-thoughtforums-300x260.png 300w\" sizes=\"auto, (max-width: 600px) 100vw, 600px\" \/>\n<\/div>\n<\/div>\n<div class=\"facetwp-template\" data-name=\"thought_forums\">\n\t<div id=\"sessions\">\n\t\t\n\t\t\n\t\t\n\t\t\t\t\t\t\t\t<\/tbody>\n\t\t\t<\/table>\n\t\t\t\t<h2 class=\"mt-5\">\n\t\t\t29 avril 2024\t\t<\/h2>\n\t\t<table class=\"table table-striped\">\n\t\t\t<thead>\n\t\t\t\t<tr>\n\t\t\t\t\t<th scope=\"col\" width=\"15%\" valign=\"middle\">Heure<\/th>\n\t\t\t\t\t\t\t\t\t\t\t<th scope=\"col\" width=\"5%\" class=\"text-center\">Volet<\/th>\n\t\t\t\t\t\t\t\t\t\t<th scope=\"col\">S\u00e9ance<\/th>\n\t\t\t\t<\/tr>\n\t\t  <\/thead>\n\t\t  <tbody>\n\t\t\n\t\t<tr>\n\t\t\t<th scope=\"row\">15h00 - 17h00<\/th>\n\t\t\t\t\t\t\t<td class=\"text-center\">\n\t\t\t\t\t<img decoding=\"async\" src=\"https:\/\/events.collegesinstitutes.ca\/conference\/wp-content\/uploads\/sites\/5\/2024\/04\/conf24_Streams_Icon_5_Global_Collab.png\" class=\"icon-stream\">\t\n\t\t\t\t<\/td>\n\t\t\t\t\t\t<td>\n\t\t\t\t<h3><a href=\"https:\/\/events.collegesinstitutes.ca\/conference\/fr\/session\/cultiver-les-talents-en-periode-dincertitude-comment-les-colleges-publics-aident-la-clientele-etudiante-internationale-a-reussir-et-facilitent-la-transition-vers-le-marche-du-travail\/\">Comment les coll\u00e8ges et instituts adaptent leurs strat\u00e9gies d\u2019internationalisation \u00e0 un paysage changeant (A\/IS)<\/a><\/h3>\n\t\t\t\t<div>Collaborer avec les membres du Comit\u00e9 consultatif international (CCI) de CICan dans le cadre d\u2019une conversation r\u00e9fl\u00e9chie sur la fa\u00e7on dont les \u00e9tablissements et les r\u00e9gions du Canada s\u2019adaptent aux r\u00e9cents changements de politiques qui ont une incidence sur le...<\/div>\n\t\t\t<\/td>\n\t\t<\/tr>\n\t\t\n\t\t\n\t\t\n\t\t\n\t\t<tr>\n\t\t\t<th scope=\"row\">15h00 - 17h00<\/th>\n\t\t\t\t\t\t\t<td class=\"text-center\">\n\t\t\t\t\t<img decoding=\"async\" src=\"https:\/\/events.collegesinstitutes.ca\/conference\/wp-content\/uploads\/sites\/5\/2024\/02\/WC23_Streams_Icon_7_Equity_Diversity_Incl.png\" class=\"icon-stream\">\t\n\t\t\t\t<\/td>\n\t\t\t\t\t\t<td>\n\t\t\t\t<h3><a href=\"https:\/\/events.collegesinstitutes.ca\/conference\/fr\/session\/sadapter-au-changement-defis-et-possibilites-pour-les-colleges-et-les-instituts-qui-naviguent-lequite-la-diversite-et-linclusion-en-periode-de-complexite-et-dinc\/\">S\u2019adapter au changement : d\u00e9fis et possibilit\u00e9s pour les coll\u00e8ges et les instituts qui naviguent l\u2019\u00e9quit\u00e9, la diversit\u00e9 et l\u2019inclusion en p\u00e9riode de complexit\u00e9 et d\u2019incertitude<\/a><\/h3>\n\t\t\t\t<div>Joignez-vous \u00e0 nous pour un forum stimulant qui examine comment les coll\u00e8ges peuvent continuer \u00e0 progresser en mati\u00e8re d\u2019\u00e9quit\u00e9, de diversit\u00e9 et d\u2019inclusion (IDE) en p\u00e9riode d\u2019incertitude et de complexit\u00e9. Cette s\u00e9ance comprendra une table ronde \u00e9clair\u00e9e avec des dirigeants...<\/div>\n\t\t\t<\/td>\n\t\t<\/tr>\n\t\t\n\t\t\n\t\t\n\t\t\n\t\t<tr>\n\t\t\t<th scope=\"row\">15h00 - 17h00<\/th>\n\t\t\t\t\t\t\t<td class=\"text-center\">\n\t\t\t\t\t<img decoding=\"async\" src=\"https:\/\/events.collegesinstitutes.ca\/conference\/wp-content\/uploads\/sites\/5\/2024\/02\/WC23_Streams_Icon_6_Indigeneous_ed.png\" class=\"icon-stream\">\t\n\t\t\t\t<\/td>\n\t\t\t\t\t\t<td>\n\t\t\t\t<h3><a href=\"https:\/\/events.collegesinstitutes.ca\/conference\/fr\/session\/horizons-autochtones-celebrer-les-progres-tracer-les-voies-de-lavenir\/\">Horizons autochtones : C\u00e9l\u00e9brer les progr\u00e8s, tracer les voies de l\u2019avenir<\/a><\/h3>\n\t\t\t\t<div>Joignez-vous \u00e0 nous pour une discussion dynamique \u00e0 notre forum de r\u00e9flexion alors que nous explorons le paysage actuel de l\u2019\u00e9ducation autochtone au sein des coll\u00e8ges, en mettant l\u2019accent sur l\u2019utilisation des protocoles autochtones. Examiner les strat\u00e9gies futures que les...<\/div>\n\t\t\t<\/td>\n\t\t<\/tr>\n\t\t\n\t\t\n\t\t\n\t\t\n\t\t<tr>\n\t\t\t<th scope=\"row\">15h00 - 17h00<\/th>\n\t\t\t\t\t\t\t<td class=\"text-center\">\n\t\t\t\t\t<img decoding=\"async\" src=\"https:\/\/events.collegesinstitutes.ca\/conference\/wp-content\/uploads\/sites\/5\/2024\/04\/conf24_Streams_Icon_3_Applied_research.png\" class=\"icon-stream\">\t\n\t\t\t\t<\/td>\n\t\t\t\t\t\t<td>\n\t\t\t\t<h3><a href=\"https:\/\/events.collegesinstitutes.ca\/conference\/fr\/session\/repenser-lecosysteme-de-lentreprise-de-recherche-comprendre-les-objectifs-de-la-recherche-organisationnelle\/\">Repenser l\u2019\u00e9cosyst\u00e8me de l\u2019entreprise de recherche : comprendre les objectifs de la recherche organisationnelle.<\/a><\/h3>\n\t\t\t\t<div>Joignez-vous \u00e0 quatre membres de la haute direction de coll\u00e8ges et d\u2019instituts canadiens qui exploreront les nuances du travail dans diff\u00e9rents types d\u2019\u00e9tablissements ainsi que le fonctionnement de la recherche appliqu\u00e9e dans les coll\u00e8ges et polytechniques. La pr\u00e9sentation portera notamment...<\/div>\n\t\t\t<\/td>\n\t\t<\/tr>\n\t\t\n\t\t\n\t\t\n\t\t\n\t\t<tr>\n\t\t\t<th scope=\"row\">15h00 - 17h00<\/th>\n\t\t\t\t\t\t\t<td class=\"text-center\">\n\t\t\t\t\t<img decoding=\"async\" src=\"https:\/\/events.collegesinstitutes.ca\/conference\/wp-content\/uploads\/sites\/5\/2024\/02\/WC23_Streams_Icon_4_Sustainability.png\" class=\"icon-stream\">\t\n\t\t\t\t<\/td>\n\t\t\t\t\t\t<td>\n\t\t\t\t<h3><a href=\"https:\/\/events.collegesinstitutes.ca\/conference\/fr\/session\/les-emplois-de-cols-verts-la-revolution-des-competences-dont-le-canada-a-besoin-pour-atteindre-la-carboneutralite\/\">Les emplois de cols verts : la r\u00e9volution des comp\u00e9tences dont le Canada a besoin pour atteindre la carboneutralit\u00e9.<\/a><\/h3>\n\t\t\t\t<div>Assistez \u00e0 cette s\u00e9ance pour prendre connaissance des derni\u00e8res recherches du Conference Board du Canada, de l\u2019Institut Pembina et d\u2019ECO Canada sur les besoins du Canada en main-d\u2019\u0153uvre verte et pour entendre les r\u00e9flexions de dirigeants et dirigeantes de coll\u00e8ges...<\/div>\n\t\t\t<\/td>\n\t\t<\/tr>\n\t\t<\/tbody>\n\t<\/table>\n<\/div>\n<\/div>\n","protected":false},"excerpt":{"rendered":"<p>Pr\u00e9parez-vous \u00e0 des discussion anim\u00e9es et prenantes\u202f! Les forums de discussion-r\u00e9flexion sont ouverts \u00e0 tous les participants. Les discussions porteront sur de nombreux sujets et vous donnerons l\u2019occasion d\u2019y parler de vos exp\u00e9riences et de votre expertise. Inscription<\/p>\n","protected":false},"author":1,"featured_media":0,"parent":786,"menu_order":0,"comment_status":"closed","ping_status":"closed","template":"","meta":{"_acf_changed":false,"footnotes":""},"class_list":["post-3446","page","type-page","status-publish","hentry"],"acf":[],"_links":{"self":[{"href":"https:\/\/events.collegesinstitutes.ca\/conference\/fr\/wp-json\/wp\/v2\/pages\/3446","targetHints":{"allow":["GET"]}}],"collection":[{"href":"https:\/\/events.collegesinstitutes.ca\/conference\/fr\/wp-json\/wp\/v2\/pages"}],"about":[{"href":"https:\/\/events.collegesinstitutes.ca\/conference\/fr\/wp-json\/wp\/v2\/types\/page"}],"author":[{"embeddable":true,"href":"https:\/\/events.collegesinstitutes.ca\/conference\/fr\/wp-json\/wp\/v2\/users\/1"}],"replies":[{"embeddable":true,"href":"https:\/\/events.collegesinstitutes.ca\/conference\/fr\/wp-json\/wp\/v2\/comments?post=3446"}],"version-history":[{"count":0,"href":"https:\/\/events.collegesinstitutes.ca\/conference\/fr\/wp-json\/wp\/v2\/pages\/3446\/revisions"}],"up":[{"embeddable":true,"href":"https:\/\/events.collegesinstitutes.ca\/conference\/fr\/wp-json\/wp\/v2\/pages\/786"}],"wp:attachment":[{"href":"https:\/\/events.collegesinstitutes.ca\/conference\/fr\/wp-json\/wp\/v2\/media?parent=3446"}],"curies":[{"name":"wp","href":"https:\/\/api.w.org\/{rel}","templated":true}]}}