{"id":2488,"date":"2024-03-01T19:05:26","date_gmt":"2024-03-01T19:05:26","guid":{"rendered":"https:\/\/events.collegesinstitutes.ca\/conference\/programme\/schedule\/"},"modified":"2024-04-20T14:39:44","modified_gmt":"2024-04-20T14:39:44","slug":"horaire","status":"publish","type":"page","link":"https:\/\/events.collegesinstitutes.ca\/conference\/fr\/programme\/horaire\/","title":{"rendered":"Horaire"},"content":{"rendered":"<p class=\"lead\">Le congr\u00e8s durera trois jours, sera divis\u00e9e en sept volets th\u00e9matiques et comprendra plus de 50 s\u00e9ances. D\u00e9couvrez le programme, identifiez vos s\u00e9ances pr\u00e9f\u00e9r\u00e9es et <a href=\"https:\/\/events.collegesinstitutes.ca\/conference\/fr\/fees\/\">s\u00e9lectionnez la formule d\u2019inscription qui vous convient le plus : d\u2019un jour, ou de trois jours<\/a>.<\/p>\n<div class=\"mb-5\"><strong>La langue principale de chaque session du congr\u00e8s est indiqu\u00e9e entre parenth\u00e8ses apr\u00e8s le titre.<\/strong><\/p>\n<ul class=\"ml-0 mt-3\">\n<li><strong>A<\/strong> = Anglais<\/li>\n<li><strong>F<\/strong> = Fran\u00e7ais<\/li>\n<li><strong>B<\/strong> = Bilingue<\/li>\n<li><strong>IS<\/strong>= Interpr\u00e9tation simultan\u00e9e<\/li>\n<\/ul>\n<\/div>\n","protected":false},"excerpt":{"rendered":"<p>Le congr\u00e8s durera trois jours, sera divis\u00e9e en sept volets th\u00e9matiques et comprendra plus de 50 s\u00e9ances. D\u00e9couvrez le programme, identifiez vos s\u00e9ances pr\u00e9f\u00e9r\u00e9es et s\u00e9lectionnez la formule d\u2019inscription qui vous convient le plus : d\u2019un jour, ou de trois jours. La langue principale de chaque session du congr\u00e8s est indiqu\u00e9e entre parenth\u00e8ses apr\u00e8s le [&hellip;]<\/p>\n","protected":false},"author":1,"featured_media":0,"parent":786,"menu_order":0,"comment_status":"closed","ping_status":"closed","template":"page-sessions.php","meta":{"_acf_changed":false,"footnotes":""},"class_list":["post-2488","page","type-page","status-publish","hentry"],"acf":[],"_links":{"self":[{"href":"https:\/\/events.collegesinstitutes.ca\/conference\/fr\/wp-json\/wp\/v2\/pages\/2488","targetHints":{"allow":["GET"]}}],"collection":[{"href":"https:\/\/events.collegesinstitutes.ca\/conference\/fr\/wp-json\/wp\/v2\/pages"}],"about":[{"href":"https:\/\/events.collegesinstitutes.ca\/conference\/fr\/wp-json\/wp\/v2\/types\/page"}],"author":[{"embeddable":true,"href":"https:\/\/events.collegesinstitutes.ca\/conference\/fr\/wp-json\/wp\/v2\/users\/1"}],"replies":[{"embeddable":true,"href":"https:\/\/events.collegesinstitutes.ca\/conference\/fr\/wp-json\/wp\/v2\/comments?post=2488"}],"version-history":[{"count":0,"href":"https:\/\/events.collegesinstitutes.ca\/conference\/fr\/wp-json\/wp\/v2\/pages\/2488\/revisions"}],"up":[{"embeddable":true,"href":"https:\/\/events.collegesinstitutes.ca\/conference\/fr\/wp-json\/wp\/v2\/pages\/786"}],"wp:attachment":[{"href":"https:\/\/events.collegesinstitutes.ca\/conference\/fr\/wp-json\/wp\/v2\/media?parent=2488"}],"curies":[{"name":"wp","href":"https:\/\/api.w.org\/{rel}","templated":true}]}}