{"id":550,"date":"2024-10-10T18:24:15","date_gmt":"2024-10-10T18:24:15","guid":{"rendered":"https:\/\/events.collegesinstitutes.ca\/NIES2024\/speakers\/"},"modified":"2024-10-10T20:08:54","modified_gmt":"2024-10-10T20:08:54","slug":"conferenciers","status":"publish","type":"page","link":"https:\/\/events.collegesinstitutes.ca\/NIES2024\/fr\/conferenciers\/","title":{"rendered":"Conf\u00e9renciers"},"content":{"rendered":"<p class=\"lead\">Nos conf\u00e9rencier(\u00e8re)s distingu\u00e9(e)s, parmi lesquel(le)s des chefs de file de l&rsquo;\u00e9ducation et de la d\u00e9fense des droits des autochtones, sont ravi(e)s de partager leurs points de vue sur l&rsquo;int\u00e9gration des perspectives autochtones dans l&rsquo;enseignement postsecondaire. Les discussions porteront sur la cr\u00e9ation d&rsquo;environnements d&rsquo;apprentissage \u00e9quitables et sur l&rsquo;am\u00e9lioration de la r\u00e9ussite des \u00e9tudiant(e)s autochtones afin de faire progresser la r\u00e9conciliation et de relever les d\u00e9fis du Canada. Ne manquez pas cette occasion d&rsquo;entendre ces chefs de file de l&rsquo;opinion publique !<\/p>\n","protected":false},"excerpt":{"rendered":"<p>Nos conf\u00e9rencier(\u00e8re)s distingu\u00e9(e)s, parmi lesquel(le)s des chefs de file de l&rsquo;\u00e9ducation et de la d\u00e9fense des droits des autochtones, sont ravi(e)s de partager leurs points de vue sur l&rsquo;int\u00e9gration des perspectives autochtones dans l&rsquo;enseignement postsecondaire. Les discussions porteront sur la cr\u00e9ation d&rsquo;environnements d&rsquo;apprentissage \u00e9quitables et sur l&rsquo;am\u00e9lioration de la r\u00e9ussite des \u00e9tudiant(e)s autochtones afin de [&hellip;]<\/p>\n","protected":false},"author":1,"featured_media":0,"parent":0,"menu_order":0,"comment_status":"closed","ping_status":"closed","template":"page-speakers.php","meta":{"_acf_changed":false,"footnotes":""},"class_list":["post-550","page","type-page","status-publish","hentry"],"acf":[],"_links":{"self":[{"href":"https:\/\/events.collegesinstitutes.ca\/NIES2024\/fr\/wp-json\/wp\/v2\/pages\/550","targetHints":{"allow":["GET"]}}],"collection":[{"href":"https:\/\/events.collegesinstitutes.ca\/NIES2024\/fr\/wp-json\/wp\/v2\/pages"}],"about":[{"href":"https:\/\/events.collegesinstitutes.ca\/NIES2024\/fr\/wp-json\/wp\/v2\/types\/page"}],"author":[{"embeddable":true,"href":"https:\/\/events.collegesinstitutes.ca\/NIES2024\/fr\/wp-json\/wp\/v2\/users\/1"}],"replies":[{"embeddable":true,"href":"https:\/\/events.collegesinstitutes.ca\/NIES2024\/fr\/wp-json\/wp\/v2\/comments?post=550"}],"version-history":[{"count":0,"href":"https:\/\/events.collegesinstitutes.ca\/NIES2024\/fr\/wp-json\/wp\/v2\/pages\/550\/revisions"}],"wp:attachment":[{"href":"https:\/\/events.collegesinstitutes.ca\/NIES2024\/fr\/wp-json\/wp\/v2\/media?parent=550"}],"curies":[{"name":"wp","href":"https:\/\/api.w.org\/{rel}","templated":true}]}}