{"id":424,"date":"2024-09-27T19:17:35","date_gmt":"2024-09-27T19:17:35","guid":{"rendered":"https:\/\/events.collegesinstitutes.ca\/NIES2024\/a-propos\/a-greener-symposium\/"},"modified":"2024-10-01T15:00:11","modified_gmt":"2024-10-01T15:00:11","slug":"un-colloque-plus-ecolo","status":"publish","type":"page","link":"https:\/\/events.collegesinstitutes.ca\/NIES2024\/fr\/a-propos\/un-colloque-plus-ecolo\/","title":{"rendered":"Un colloque plus \u00e9colo"},"content":{"rendered":"<p><img decoding=\"async\" src=\"https:\/\/events.collegesinstitutes.ca\/NIES2024\/wp-content\/uploads\/sites\/9\/2024\/08\/2024-IES-illustration-whale.png\" alt=\"\" width=\"300\" class=\"alignright size-full wp-image-393 mb-3 mx-3\" srcset=\"https:\/\/events.collegesinstitutes.ca\/NIES2024\/wp-content\/uploads\/sites\/9\/2024\/08\/2024-IES-illustration-whale.png 800w, https:\/\/events.collegesinstitutes.ca\/NIES2024\/wp-content\/uploads\/sites\/9\/2024\/08\/2024-IES-illustration-whale-300x129.png 300w, https:\/\/events.collegesinstitutes.ca\/NIES2024\/wp-content\/uploads\/sites\/9\/2024\/08\/2024-IES-illustration-whale-768x331.png 768w\" sizes=\"(max-width: 800px) 100vw, 800px\" \/><\/p>\n<p class=\"lead\">Dans le cadre de l\u2019engagement de CICan en faveur de l\u2019action climatique, nous prenons des moyens pour rendre nos \u00e9v\u00e8nements plus \u00e9cologiques en r\u00e9duisant les d\u00e9chets et les \u00e9missions de GES.<\/p>\n<p>Vous trouverez ci-dessous quelques-unes des mesures que CICan prend d\u00e9j\u00e0 ou a pr\u00e9vu prendre pour r\u00e9duire l\u2019impact environnemental du colloque, ainsi que des suggestions qui feront de vous des participants et participantes plus \u00e9coresponsables. <\/p>\n<div class=\"boxit p-5 my-5\">\n<h3>Ce que fait CICan<\/h3>\n<ul>\n<li>Le lieu du congr\u00e8s,\u202f<a href=\"https:\/\/www.halifaxconventioncentre.com\/uploads\/PDFs\/Event-Planner-Toolkit-Appendix-I-Our-Eco-Friendly-Program.pdf\" target=\"_blank\" rel=\"noopener\">Halifax Convention Centre<\/a>, a la certification LEED et favorise les pratiques d\u2019exploitation durables.<\/li>\n<li>Nous r\u00e9duisons la consommation et les d\u00e9chets en n\u2019imprimant pas d\u2019ordres du jour ni de programmes.<\/li>\n<li>Il n\u2019y aura pas de bouteilles d\u2019eau en plastique \u00e0 usage unique, mais des abreuvoirs et fontaines d\u2019eau seront disponibles sur place.<\/li>\n<li>Nous compenserons les \u00e9missions de tous les d\u00e9placements du personnel de CICan qui se rendra \u00e0 Halifax par l\u2019achat de cr\u00e9dits carbone v\u00e9rifi\u00e9s. <\/li>\n<\/ul>\n<h3>Ce que vous pouvez faire<\/h3>\n<ul>\n<li>Apportez votre propre bouteille d\u2019eau r\u00e9utilisable.<\/li>\n<li>D\u00e9posez vos d\u00e9chets et votre compost dans les poubelles pr\u00e9vues \u00e0 cet effet.<\/li>\n<li>Refusez l\u2019entretien quotidien de la chambre d\u2019h\u00f4tel.<\/li>\n<\/ul>\n<\/div>\n<h2 id=\"greentravel\">Transport<\/h2>\n<p>Nous sommes d\u00e9termin\u00e9s \u00e0 r\u00e9duire consid\u00e9rablement les cons\u00e9quences climatiques et environnementales de notre colloque dont la majorit\u00e9 sont li\u00e9es aux d\u00e9placements. Pour nous aider \u00e0 atteindre cet objectif, nous vous encourageons \u00e0 envisager ces options \u00e9cologiques.<\/p>\n<div class=\"boxit p-5 my-5\">\n<h3>Transport vers\/depuis Halifax<\/h3>\n<ul>\n<li>Si vous prenez l\u2019avion, r\u00e9duisez vos \u00e9missions en choisissant des vols directs si possible (plusieurs vols plus courts et des escales sont beaucoup plus polluants) et voyagez l\u00e9ger (plus l\u2019avion est lourd, plus il consomme de carburant).<\/li>\n<li>Achetez des cr\u00e9dits carbones aupr\u00e8s d\u2019une source r\u00e9put\u00e9e pour compenser les \u00e9missions produites par vos vols.<\/li>\n<li>Si vous arrivez d\u2019une r\u00e9gion ou province de l\u2019Atlantique, pensez \u00e0 des modes de transport moins polluants, notamment l\u2019autobusr et le covoiturage. <\/li>\n<\/ul>\n<h3>D\u00e9placements dans la ville d\u2019Halifax<\/h3>\n<p>Il y a beaucoup d\u2019options vertes pour se d\u00e9placer \u00e0 Halifax\u202f: en <a href=\"https:\/\/transitapp.com\/\" target=\"_blank\" rel=\"noopener\">bus<\/a>, en <a href=\"https:\/\/www.halifax.ca\/transportation\/halifax-transit\/ferry-service\" target=\"_blank\" rel=\"noopener\">ferry<\/a>, en utilisant les nouvelles pistes cyclables d\u00e9sign\u00e9es de la ville et m\u00eame des services de covoiturage comme Uber. <\/p>\n<p>Voyager en autobus est l\u2019un des moyens les plus courants de se d\u00e9placer \u00e0 Halifax. Un excellent outil pour naviguer dans le r\u00e9seau de transport en commun d\u2019Halifax est <a href=\"https:\/\/transitapp.com\/\" target=\"_blank\" rel=\"noopener\">Transit App<\/a>, que vous pouvez t\u00e9l\u00e9charger gratuitement sur votre appareil mobile et obtenir des mises \u00e0 jour en direct sur les arriv\u00e9es et les d\u00e9parts d\u2019autobus pr\u00e8s de vous, avec des itin\u00e9raires cartographi\u00e9s pour vous aider \u00e0 atteindre votre destination le plus rapidement possible. <\/p>\n<p>Pour plus d\u2019information sur le v\u00e9lo \u00e0 Halifax, y compris des cartes, des recherches et d\u2019autres ressources,  <a href=\"https:\/\/cyclehalifax.ca\/\" target=\"_blank\" rel=\"noopener\">visitez Halifax Cycling Coalition<\/a>.<\/p>\n","protected":false},"excerpt":{"rendered":"<p>Dans le cadre de l\u2019engagement de CICan en faveur de l\u2019action climatique, nous prenons des moyens pour rendre nos \u00e9v\u00e8nements plus \u00e9cologiques en r\u00e9duisant les d\u00e9chets et les \u00e9missions de GES. Vous trouverez ci-dessous quelques-unes des mesures que CICan prend d\u00e9j\u00e0 ou a pr\u00e9vu prendre pour r\u00e9duire l\u2019impact environnemental du colloque, ainsi que des suggestions [&hellip;]<\/p>\n","protected":false},"author":1,"featured_media":0,"parent":350,"menu_order":0,"comment_status":"closed","ping_status":"closed","template":"","meta":{"_acf_changed":false,"footnotes":""},"class_list":["post-424","page","type-page","status-publish","hentry"],"acf":[],"_links":{"self":[{"href":"https:\/\/events.collegesinstitutes.ca\/NIES2024\/fr\/wp-json\/wp\/v2\/pages\/424","targetHints":{"allow":["GET"]}}],"collection":[{"href":"https:\/\/events.collegesinstitutes.ca\/NIES2024\/fr\/wp-json\/wp\/v2\/pages"}],"about":[{"href":"https:\/\/events.collegesinstitutes.ca\/NIES2024\/fr\/wp-json\/wp\/v2\/types\/page"}],"author":[{"embeddable":true,"href":"https:\/\/events.collegesinstitutes.ca\/NIES2024\/fr\/wp-json\/wp\/v2\/users\/1"}],"replies":[{"embeddable":true,"href":"https:\/\/events.collegesinstitutes.ca\/NIES2024\/fr\/wp-json\/wp\/v2\/comments?post=424"}],"version-history":[{"count":0,"href":"https:\/\/events.collegesinstitutes.ca\/NIES2024\/fr\/wp-json\/wp\/v2\/pages\/424\/revisions"}],"up":[{"embeddable":true,"href":"https:\/\/events.collegesinstitutes.ca\/NIES2024\/fr\/wp-json\/wp\/v2\/pages\/350"}],"wp:attachment":[{"href":"https:\/\/events.collegesinstitutes.ca\/NIES2024\/fr\/wp-json\/wp\/v2\/media?parent=424"}],"curies":[{"name":"wp","href":"https:\/\/api.w.org\/{rel}","templated":true}]}}