{"id":356,"date":"2024-08-21T23:26:28","date_gmt":"2024-08-21T23:26:28","guid":{"rendered":"https:\/\/events.collegesinstitutes.ca\/indigenous-education\/travel\/"},"modified":"2024-10-01T15:36:12","modified_gmt":"2024-10-01T15:36:12","slug":"voyage","status":"publish","type":"page","link":"https:\/\/events.collegesinstitutes.ca\/NIES2024\/fr\/voyage\/","title":{"rendered":"Voyage"},"content":{"rendered":"<p class=\"lead\">CICan est d\u00e9termin\u00e9 \u00e0 r\u00e9duire de mani\u00e8re significative l&rsquo;impact climatique et environnemental de son colloque, dont la majorit\u00e9 est li\u00e9e aux d\u00e9placements. Pour nous aider \u00e0 atteindre cet objectif, <a href=\"https:\/\/events.collegesinstitutes.ca\/NIES2024\/fr\/a-propos\/un-colloque-plus-ecolo\/#greentravel\">nous vous encourageons \u00e0 envisager ces options \u00e9cologiques<\/a>.<\/p>\n","protected":false},"excerpt":{"rendered":"<p>CICan est d\u00e9termin\u00e9 \u00e0 r\u00e9duire de mani\u00e8re significative l&rsquo;impact climatique et environnemental de son colloque, dont la majorit\u00e9 est li\u00e9e aux d\u00e9placements. Pour nous aider \u00e0 atteindre cet objectif, nous vous encourageons \u00e0 envisager ces options \u00e9cologiques.<\/p>\n","protected":false},"author":1,"featured_media":0,"parent":0,"menu_order":0,"comment_status":"closed","ping_status":"closed","template":"page-travelinfo.php","meta":{"_acf_changed":false,"footnotes":""},"class_list":["post-356","page","type-page","status-publish","hentry"],"acf":[],"_links":{"self":[{"href":"https:\/\/events.collegesinstitutes.ca\/NIES2024\/fr\/wp-json\/wp\/v2\/pages\/356","targetHints":{"allow":["GET"]}}],"collection":[{"href":"https:\/\/events.collegesinstitutes.ca\/NIES2024\/fr\/wp-json\/wp\/v2\/pages"}],"about":[{"href":"https:\/\/events.collegesinstitutes.ca\/NIES2024\/fr\/wp-json\/wp\/v2\/types\/page"}],"author":[{"embeddable":true,"href":"https:\/\/events.collegesinstitutes.ca\/NIES2024\/fr\/wp-json\/wp\/v2\/users\/1"}],"replies":[{"embeddable":true,"href":"https:\/\/events.collegesinstitutes.ca\/NIES2024\/fr\/wp-json\/wp\/v2\/comments?post=356"}],"version-history":[{"count":0,"href":"https:\/\/events.collegesinstitutes.ca\/NIES2024\/fr\/wp-json\/wp\/v2\/pages\/356\/revisions"}],"wp:attachment":[{"href":"https:\/\/events.collegesinstitutes.ca\/NIES2024\/fr\/wp-json\/wp\/v2\/media?parent=356"}],"curies":[{"name":"wp","href":"https:\/\/api.w.org\/{rel}","templated":true}]}}