{"id":355,"date":"2024-08-21T23:25:05","date_gmt":"2024-08-21T23:25:05","guid":{"rendered":"https:\/\/events.collegesinstitutes.ca\/indigenous-education\/schedule\/"},"modified":"2024-10-23T13:18:36","modified_gmt":"2024-10-23T13:18:36","slug":"programme","status":"publish","type":"page","link":"https:\/\/events.collegesinstitutes.ca\/NIES2024\/fr\/programme\/","title":{"rendered":"Programme"},"content":{"rendered":"<div class=\"row align-items-center\">\n<div class=\"col-12 col-lg-4 order-1 order-lg-2\"><img decoding=\"async\" src=\"https:\/\/events.collegesinstitutes.ca\/indigenous-education\/wp-content\/uploads\/sites\/9\/2024\/08\/2024-IES-illustration-lobster.jpg\" alt=\"\" width=\"300\" class=\"alignright size-full wp-image-196 m-3\" srcset=\"https:\/\/events.collegesinstitutes.ca\/NIES2024\/wp-content\/uploads\/sites\/9\/2024\/08\/2024-IES-illustration-lobster.jpg 800w, https:\/\/events.collegesinstitutes.ca\/NIES2024\/wp-content\/uploads\/sites\/9\/2024\/08\/2024-IES-illustration-lobster-300x200.jpg 300w, https:\/\/events.collegesinstitutes.ca\/NIES2024\/wp-content\/uploads\/sites\/9\/2024\/08\/2024-IES-illustration-lobster-768x511.jpg 768w\" sizes=\"(max-width: 800px) 100vw, 800px\" \/><\/div>\n<div class=\"col-12 col-lg-8 order-2 order-lg-1\">\n<p class=\"lead\">Le colloque propose un ordre du jour bien rempli gr\u00e2ce \u00e0 ses diff\u00e9rents volets th\u00e9matiques et \u00e0 une diversit\u00e9 d\u2019activit\u00e9s. Cet aper\u00e7u du colloque permet de voir comment chaque journ\u00e9e se d\u00e9roulera. Afin de favoriser le plus possible le dialogue et l\u2019interaction entre les participants et participantes, les s\u00e9ances sont susceptibles d\u2019\u00eatre organis\u00e9es sous la forme d\u2019un panel, d\u2019une discussion informelle dirig\u00e9e, ou encore d\u2019un d\u00e9fi\/d\u00e9bat. <\/p>\n<\/div>\n<\/div>\n<p><strong>Toutes les activit\u00e9s se d\u00e9roulent \u00e0 l\u2019heure avanc\u00e9e de l\u2019Atlantique (ADT). Veuillez noter que les horaires sont susceptibles d\u2019\u00eatre modifi\u00e9s.<\/strong><\/p>\n","protected":false},"excerpt":{"rendered":"<p>Le colloque propose un ordre du jour bien rempli gr\u00e2ce \u00e0 ses diff\u00e9rents volets th\u00e9matiques et \u00e0 une diversit\u00e9 d\u2019activit\u00e9s. Cet aper\u00e7u du colloque permet de voir comment chaque journ\u00e9e se d\u00e9roulera. Afin de favoriser le plus possible le dialogue et l\u2019interaction entre les participants et participantes, les s\u00e9ances sont susceptibles d\u2019\u00eatre organis\u00e9es sous la [&hellip;]<\/p>\n","protected":false},"author":1,"featured_media":0,"parent":0,"menu_order":0,"comment_status":"closed","ping_status":"closed","template":"page-sessions.php","meta":{"_acf_changed":false,"footnotes":""},"class_list":["post-355","page","type-page","status-publish","hentry"],"acf":[],"_links":{"self":[{"href":"https:\/\/events.collegesinstitutes.ca\/NIES2024\/fr\/wp-json\/wp\/v2\/pages\/355","targetHints":{"allow":["GET"]}}],"collection":[{"href":"https:\/\/events.collegesinstitutes.ca\/NIES2024\/fr\/wp-json\/wp\/v2\/pages"}],"about":[{"href":"https:\/\/events.collegesinstitutes.ca\/NIES2024\/fr\/wp-json\/wp\/v2\/types\/page"}],"author":[{"embeddable":true,"href":"https:\/\/events.collegesinstitutes.ca\/NIES2024\/fr\/wp-json\/wp\/v2\/users\/1"}],"replies":[{"embeddable":true,"href":"https:\/\/events.collegesinstitutes.ca\/NIES2024\/fr\/wp-json\/wp\/v2\/comments?post=355"}],"version-history":[{"count":0,"href":"https:\/\/events.collegesinstitutes.ca\/NIES2024\/fr\/wp-json\/wp\/v2\/pages\/355\/revisions"}],"wp:attachment":[{"href":"https:\/\/events.collegesinstitutes.ca\/NIES2024\/fr\/wp-json\/wp\/v2\/media?parent=355"}],"curies":[{"name":"wp","href":"https:\/\/api.w.org\/{rel}","templated":true}]}}