{"id":354,"date":"2024-08-22T16:16:35","date_gmt":"2024-08-22T16:16:35","guid":{"rendered":"https:\/\/events.collegesinstitutes.ca\/indigenous-education\/hosts\/"},"modified":"2024-08-27T00:11:56","modified_gmt":"2024-08-27T00:11:56","slug":"hotes","status":"publish","type":"page","link":"https:\/\/events.collegesinstitutes.ca\/NIES2024\/fr\/hotes\/","title":{"rendered":"H\u00f4tes"},"content":{"rendered":"<div class=\"row align-items-center\">\n<div class=\"col-12 col-md-8\">\n<h3>Coll\u00e8ges et instituts Canada (CICan) <\/h3>\n<p>CICan est le porte-parole national et international du plus grand r\u00e9seau d\u2019\u00e9tablissements postsecondaires au Canada. L\u2019association d\u00e9fend les int\u00e9r\u00eats, accro\u00eet les capacit\u00e9s et fait avancer le savoir afin de renforcer les coll\u00e8ges, c\u00e9geps, instituts et \u00e9tablissements polytechniques publics du pays. \u00c9tant donn\u00e9 que plus de 95\u202f% des Canadiens et Canadiennes et 86\u202f% des communaut\u00e9s autochtones se situent \u00e0 moins de 50\u202fkm d\u2019un \u00e9tablissement membre de CICan, et gr\u00e2ce \u00e0 la vaste port\u00e9e de son r\u00e9seau autour du monde, l\u2019association contribue concr\u00e8tement au d\u00e9veloppement de communaut\u00e9s \u00e0 toute \u00e9preuve, autant \u00e0 l\u2019\u00e9chelle nationale qu\u2019internationale.<\/p>\n<p>Nous reconnaissons respectueusement que les bureaux de CICan \u00e0 Ottawa sont situ\u00e9s sur les territoires traditionnels et non c\u00e9d\u00e9s de la nation algonquine Anishinaabe.<\/p>\n<p><a href=\"https:\/\/www.collegesinstitutes.ca\/fr\/\" class=\"btn btn-primary mt-4\" target=\"_blank\" rel=\"noopener\">En savoir plus<\/a>\n<\/div>\n<div class=\"col-4 text-center\">\n<a href=\"https:\/\/www.collegesinstitutes.ca\/fr\/\" target=\"_blank\" rel=\"noopener\"><img decoding=\"async\" src=\"https:\/\/events.collegesinstitutes.ca\/indigenous-education\/wp-content\/uploads\/sites\/9\/2024\/08\/cican-logo-fr.png\" width=\"250\" class=\"mb-4\" alt=\"Colleges and Institutes Canada logo\"><\/a>\n<\/div>\n<\/div>\n<div class=\"row align-items-center mt-5\">\n<div class=\"col-12 col-md-8\">\n<h3>Indigenous Institutes Consortium (IIC)<\/h3>\n<p>L\u2019Indigenous Institutes Consortium (IIC) est le fruit des efforts collectifs et collaboratifs de sept \u00e9tablissements d\u2019enseignement et de formation ontariens d\u00e9tenus et g\u00e9r\u00e9s par des Autochtones. Depuis 1994, l\u2019IIC a r\u00e9ussi \u00e0 faire la promotion et \u00e0 accro\u00eetre la visibilit\u00e9 de leurs \u00e9tablissements, apprenant\u00b7es et communaut\u00e9s autochtones membres. L\u2019IIC a jou\u00e9 un r\u00f4le cl\u00e9 dans l\u2019adoption de la Loi de 2017 sur les \u00e9tablissements autochtones en Ontario.<br \/>\n<a href=\"https:\/\/iicontario.ca\/\" class=\"btn btn-primary mt-4\" target=\"_blank\" rel=\"noopener\">En savoir plus<\/a>\n<\/div>\n<div class=\"col-4 text-center\">\n<a href=\"https:\/\/iicontario.ca\/\" target=\"_blank\" rel=\"noopener\"><img loading=\"lazy\" decoding=\"async\" src=\"https:\/\/events.collegesinstitutes.ca\/indigenous-education\/wp-content\/uploads\/sites\/9\/2024\/08\/iic_logo.jpg\" alt=\"Indigenous Institutes Consortium Logo\" width=\"600\" height=\"166\" class=\"alignnone size-full wp-image-160\" srcset=\"https:\/\/events.collegesinstitutes.ca\/NIES2024\/wp-content\/uploads\/sites\/9\/2024\/08\/iic_logo.jpg 600w, https:\/\/events.collegesinstitutes.ca\/NIES2024\/wp-content\/uploads\/sites\/9\/2024\/08\/iic_logo-300x83.jpg 300w\" sizes=\"auto, (max-width: 600px) 100vw, 600px\" \/><\/a>\n<\/div>\n<\/div>\n","protected":false},"excerpt":{"rendered":"<p>Coll\u00e8ges et instituts Canada (CICan) CICan est le porte-parole national et international du plus grand r\u00e9seau d\u2019\u00e9tablissements postsecondaires au Canada. L\u2019association d\u00e9fend les int\u00e9r\u00eats, accro\u00eet les capacit\u00e9s et fait avancer le savoir afin de renforcer les coll\u00e8ges, c\u00e9geps, instituts et \u00e9tablissements polytechniques publics du pays. \u00c9tant donn\u00e9 que plus de 95\u202f% des Canadiens et Canadiennes [&hellip;]<\/p>\n","protected":false},"author":1,"featured_media":0,"parent":0,"menu_order":0,"comment_status":"closed","ping_status":"closed","template":"page-about.php","meta":{"_acf_changed":false,"footnotes":""},"class_list":["post-354","page","type-page","status-publish","hentry"],"acf":[],"_links":{"self":[{"href":"https:\/\/events.collegesinstitutes.ca\/NIES2024\/fr\/wp-json\/wp\/v2\/pages\/354","targetHints":{"allow":["GET"]}}],"collection":[{"href":"https:\/\/events.collegesinstitutes.ca\/NIES2024\/fr\/wp-json\/wp\/v2\/pages"}],"about":[{"href":"https:\/\/events.collegesinstitutes.ca\/NIES2024\/fr\/wp-json\/wp\/v2\/types\/page"}],"author":[{"embeddable":true,"href":"https:\/\/events.collegesinstitutes.ca\/NIES2024\/fr\/wp-json\/wp\/v2\/users\/1"}],"replies":[{"embeddable":true,"href":"https:\/\/events.collegesinstitutes.ca\/NIES2024\/fr\/wp-json\/wp\/v2\/comments?post=354"}],"version-history":[{"count":0,"href":"https:\/\/events.collegesinstitutes.ca\/NIES2024\/fr\/wp-json\/wp\/v2\/pages\/354\/revisions"}],"wp:attachment":[{"href":"https:\/\/events.collegesinstitutes.ca\/NIES2024\/fr\/wp-json\/wp\/v2\/media?parent=354"}],"curies":[{"name":"wp","href":"https:\/\/api.w.org\/{rel}","templated":true}]}}